{"id":15934,"date":"2025-10-14T09:09:10","date_gmt":"2025-10-14T09:09:10","guid":{"rendered":"https:\/\/akteon.es\/?page_id=15934"},"modified":"2025-10-14T10:01:35","modified_gmt":"2025-10-14T10:01:35","slug":"pagina-de-gracies","status":"publish","type":"page","link":"https:\/\/akteon.es\/ca\/pagina-de-gracies\/","title":{"rendered":"P\u00e0gina de gr\u00e0cies"},"content":{"rendered":"<div class=\"wpb-content-wrapper\">[vc_section full_width=&#8221;stretch_row&#8221; css=&#8221;.vc_custom_1760433645782{padding-top: 80px !important;padding-bottom: 80px !important;background-color: #f7f7f7 !important;}&#8221;][vc_row remove_bottom_col_margin=&#8221;true&#8221;][vc_column]<style>.vcex-image.vcex_69e1a09bee4c0 .vcex-image-inner{max-width:140px;}<\/style><figure class=\"vcex-image vcex-module wpex-text-center vcex_69e1a09bee4c0\"><div class=\"vcex-image-inner wpex-relative wpex-inline-block\"><img width=\"500\" height=\"500\" src=\"https:\/\/akteon.es\/wp-content\/uploads\/2025\/10\/icones-form-ok-1.png\" class=\"vcex-image-img wpex-align-middle\" alt=\"\" loading=\"lazy\" decoding=\"async\" srcset=\"https:\/\/akteon.es\/wp-content\/uploads\/2025\/10\/icones-form-ok-1.png 500w, https:\/\/akteon.es\/wp-content\/uploads\/2025\/10\/icones-form-ok-1-300x300.png 300w, https:\/\/akteon.es\/wp-content\/uploads\/2025\/10\/icones-form-ok-1-150x150.png 150w, https:\/\/akteon.es\/wp-content\/uploads\/2025\/10\/icones-form-ok-1-100x100.png 100w\" sizes=\"auto, (max-width: 500px) 100vw, 500px\" \/><\/div><\/figure><style>.vcex-heading.vcex_69e1a09bf2920{color:var(--wpex-accent);font-size:29px;}<\/style><h3 class=\"vcex-heading vcex-heading-plain vcex-module wpex-heading wpex-text-2xl wpex-mt-20 wpex-mb-10 wpex-text-center vcex_69e1a09bf2920\"><span class=\"vcex-heading-inner wpex-inline-block\">Moltes gr\u00e0cies!<\/span><\/h3><style>.vcex-heading.vcex_69e1a09bf375a{color:var(--wpex-accent-alt);font-size:29px;}<\/style><h3 class=\"vcex-heading vcex-heading-plain vcex-module wpex-heading wpex-text-2xl wpex-mt-20 wpex-mb-10 wpex-text-center vcex_69e1a09bf375a\"><span class=\"vcex-heading-inner wpex-inline-block\">El teu missatge s'ha enviat correctament<\/span><\/h3>[vc_column_text css=&#8221;&#8221; text_align=&#8221;center&#8221; font_size=&#8221;17px&#8221;]Et trucarem al tel\u00e8fon indicat en breu.[\/vc_column_text]<div class=\"vcex-spacing wpex-w-100 wpex-clear\"><\/div><style>.vcex-button.vcex_69e1a09c00918{font-size:16px;}<\/style><div class=\"theme-button-wrap textcenter wpex-clr\"><a href=\"https:\/\/akteon.es\/ca\/\" class=\"vcex-button theme-button align-center inline vcex_69e1a09c00918\" title=\"Anar a la home\"><span class=\"vcex-button-inner theme-button-inner wpex-flex wpex-flex-wrap wpex-items-center wpex-justify-center\">Anar a la home<\/span><\/a><\/div> [\/vc_column][\/vc_row][\/vc_section][vc_row css=&#8221;.vc_custom_1760434016761{padding-top: 80px !important;}&#8221;][vc_column]<div class=\"templatera_shortcode\"><div class=\"vc_row wpb_row vc_row-fluid wpex-relative\"><div class=\"wpb_column vc_column_container vc_col-sm-12\"><div class=\"vc_column-inner\"><div class=\"wpb_wrapper\">\n\t<div class=\"wpb_text_column wpb_content_element\" >\n\t\t<div class=\"wpb_wrapper\">\n\t\t\t<h3>Els nostres serveis<\/h3>\n\n\t\t<\/div>\n\t<\/div>\n<\/div><\/div><\/div><\/div><div class=\"vc_row wpb_row vc_row-fluid wpex-relative wpex-vc-has-custom-column-spacing wpex-vc-column-spacing-10\"><div class=\"wpb_column vc_column_container vc_col-sm-3\"><div class=\"vc_column-inner\"><div class=\"wpb_wrapper\"><style>.vcex-image-banner.vcex_69e1a09c0673d .vcex-ib-content-wrap{padding:20px;}.vcex-image-banner.vcex_69e1a09c0673d .vcex-ib-overlay-bg{opacity:0.4;}.vcex-image-banner.vcex_69e1a09c0673d .vcex-ib-title{padding-block-end:5px;font-size:28px;}.vcex-image-banner.vcex_69e1a09c0673d .vcex-ib-caption{padding-block-end:120px;font-size:13px;}<\/style><a class=\"vcex-module vcex-image-banner vcex-image-banner-has-link wpex-no-underline wpex-flex wpex-flex-col wpex-w-100 wpex-justify-center wpex-relative wpex-overflow-hidden wpex-bg-gray-900 wpex-text-white wpex-hover-text-white wpex-text-left wpex-rounded vcex-h-zoom wpex-isolate vcex-has-button vcex_69e1a09c0673d\" href=\"https:\/\/akteon.es\/ca\/hipoteques\/\"><span class=\"vcex-ib-img wpex-block wpex-transition-all wpex-duration-500 wpex-bg-cover wpex-absolute wpex-inset-0\" style=\"background-image:url(https:\/\/akteon.es\/wp-content\/uploads\/2024\/07\/refinanciacion-hipotecas.jpg);\"><\/span><div class=\"vcex-ib-overlay wpex-absolute wpex-inset-0 wpex-transition-all wpex-duration-500\"><div class=\"vcex-ib-overlay-bg wpex-absolute wpex-inset-0 wpex-bg-black wpex-opacity-30\"><\/div><\/div><div class=\"vcex-ib-content-wrap wpex-w-100 wpex-transition-all wpex-duration-500 wpex-py-100 wpex-px-40 wpex-relative\"><div class=\"vcex-ib-content wpex-mr-auto\"><div class=\"vcex-ib-title wpex-heading wpex-inherit-color-important\">Hipoteques<\/div><div class=\"vcex-ib-caption wpex-text-lg wpex-last-mb-0\">T'acompanyem durant tot el proc\u00e9s de la teva hipoteca<\/div><div class=\"vcex-ib-button\"><span class=\"vcex-ib-button-inner theme-txt-link\">M\u00e9s informaci\u00f3<\/span><\/div><\/div><\/div><\/a><\/div><\/div><\/div><div class=\"wpb_column vc_column_container vc_col-sm-3\"><div class=\"vc_column-inner\"><div class=\"wpb_wrapper\"><style>.vcex-image-banner.vcex_69e1a09c0ad2d .vcex-ib-content-wrap{padding:20px;}.vcex-image-banner.vcex_69e1a09c0ad2d .vcex-ib-overlay-bg{opacity:0.4;}.vcex-image-banner.vcex_69e1a09c0ad2d .vcex-ib-title{padding-block-end:5px;font-size:28px;}.vcex-image-banner.vcex_69e1a09c0ad2d .vcex-ib-caption{padding-block-end:120px;font-size:13px;}<\/style><a class=\"vcex-module vcex-image-banner vcex-image-banner-has-link wpex-no-underline wpex-flex wpex-flex-col wpex-w-100 wpex-justify-center wpex-relative wpex-overflow-hidden wpex-bg-gray-900 wpex-text-white wpex-hover-text-white wpex-text-left wpex-rounded vcex-h-zoom wpex-isolate vcex-has-button vcex_69e1a09c0ad2d\" href=\"https:\/\/akteon.es\/ca\/assegurances\/\"><span class=\"vcex-ib-img wpex-block wpex-transition-all wpex-duration-500 wpex-bg-cover wpex-absolute wpex-inset-0\" style=\"background-image:url(https:\/\/akteon.es\/wp-content\/uploads\/2024\/05\/gestor-personal-akteon.jpg);\"><\/span><div class=\"vcex-ib-overlay wpex-absolute wpex-inset-0 wpex-transition-all wpex-duration-500\"><div class=\"vcex-ib-overlay-bg wpex-absolute wpex-inset-0 wpex-bg-black wpex-opacity-30\"><\/div><\/div><div class=\"vcex-ib-content-wrap wpex-w-100 wpex-transition-all wpex-duration-500 wpex-py-100 wpex-px-40 wpex-relative\"><div class=\"vcex-ib-content wpex-mr-auto\"><div class=\"vcex-ib-title wpex-heading wpex-inherit-color-important\">Assegurances<\/div><div class=\"vcex-ib-caption wpex-text-lg wpex-last-mb-0\">Les millors cobertures adaptant-nos sempre a les teves necessitats<\/div><div class=\"vcex-ib-button\"><span class=\"vcex-ib-button-inner theme-txt-link\">M\u00e9s informaci\u00f3<\/span><\/div><\/div><\/div><\/a><\/div><\/div><\/div><div class=\"wpb_column vc_column_container vc_col-sm-3\"><div class=\"vc_column-inner\"><div class=\"wpb_wrapper\"><style>.vcex-image-banner.vcex_69e1a09c0db92 .vcex-ib-content-wrap{padding:20px;}.vcex-image-banner.vcex_69e1a09c0db92 .vcex-ib-overlay-bg{opacity:0.4;}.vcex-image-banner.vcex_69e1a09c0db92 .vcex-ib-title{padding-block-end:5px;font-size:28px;}.vcex-image-banner.vcex_69e1a09c0db92 .vcex-ib-caption{padding-block-end:120px;font-size:13px;}<\/style><a class=\"vcex-module vcex-image-banner vcex-image-banner-has-link wpex-no-underline wpex-flex wpex-flex-col wpex-w-100 wpex-justify-center wpex-relative wpex-overflow-hidden wpex-bg-gray-900 wpex-text-white wpex-hover-text-white wpex-text-left wpex-rounded vcex-h-zoom wpex-isolate vcex-has-button vcex_69e1a09c0db92\" href=\"https:\/\/akteon.es\/ca\/prestecs\/\" title=\"Pr\u00e9stecs\"><span class=\"vcex-ib-img wpex-block wpex-transition-all wpex-duration-500 wpex-bg-cover wpex-absolute wpex-inset-0\" style=\"background-image:url(https:\/\/akteon.es\/wp-content\/uploads\/2024\/07\/servicios-juridicos-akteon.jpg);\"><\/span><div class=\"vcex-ib-overlay wpex-absolute wpex-inset-0 wpex-transition-all wpex-duration-500\"><div class=\"vcex-ib-overlay-bg wpex-absolute wpex-inset-0 wpex-bg-black wpex-opacity-30\"><\/div><\/div><div class=\"vcex-ib-content-wrap wpex-w-100 wpex-transition-all wpex-duration-500 wpex-py-100 wpex-px-40 wpex-relative\"><div class=\"vcex-ib-content wpex-mr-auto\"><div class=\"vcex-ib-title wpex-heading wpex-inherit-color-important\">Pr\u00e9stecs<\/div><div class=\"vcex-ib-caption wpex-text-lg wpex-last-mb-0\">Senzills i sense avals per al que necessitis<\/div><div class=\"vcex-ib-button\"><span class=\"vcex-ib-button-inner theme-txt-link\">M\u00e9s informaci\u00f3<\/span><\/div><\/div><\/div><\/a><\/div><\/div><\/div><div class=\"wpb_column vc_column_container vc_col-sm-3\"><div class=\"vc_column-inner\"><div class=\"wpb_wrapper\"><style>.vcex-image-banner.vcex_69e1a09c10236 .vcex-ib-content-wrap{padding:20px;}.vcex-image-banner.vcex_69e1a09c10236 .vcex-ib-overlay-bg{opacity:0.4;}.vcex-image-banner.vcex_69e1a09c10236 .vcex-ib-title{padding-block-end:5px;font-size:28px;}.vcex-image-banner.vcex_69e1a09c10236 .vcex-ib-caption{padding-block-end:120px;font-size:13px;}<\/style><a class=\"vcex-module vcex-image-banner vcex-image-banner-has-link wpex-no-underline wpex-flex wpex-flex-col wpex-w-100 wpex-justify-center wpex-relative wpex-overflow-hidden wpex-bg-gray-900 wpex-text-white wpex-hover-text-white wpex-text-left wpex-rounded vcex-h-zoom wpex-isolate vcex-has-button vcex_69e1a09c10236\" href=\"https:\/\/akteon.es\/ca\/serveis-juridics\/\" title=\"Pr\u00e9stecs\"><span class=\"vcex-ib-img wpex-block wpex-transition-all wpex-duration-500 wpex-bg-cover wpex-absolute wpex-inset-0\" style=\"background-image:url(https:\/\/akteon.es\/wp-content\/uploads\/2024\/07\/asistencia-firma-akteon.jpg);\"><\/span><div class=\"vcex-ib-overlay wpex-absolute wpex-inset-0 wpex-transition-all wpex-duration-500\"><div class=\"vcex-ib-overlay-bg wpex-absolute wpex-inset-0 wpex-bg-black wpex-opacity-30\"><\/div><\/div><div class=\"vcex-ib-content-wrap wpex-w-100 wpex-transition-all wpex-duration-500 wpex-py-100 wpex-px-40 wpex-relative\"><div class=\"vcex-ib-content wpex-mr-auto\"><div class=\"vcex-ib-title wpex-heading wpex-inherit-color-important\">Serveis jur\u00eddics<\/div><div class=\"vcex-ib-caption wpex-text-lg wpex-last-mb-0\">Especialistes en dret immobiliari i financer<\/div><div class=\"vcex-ib-button\"><span class=\"vcex-ib-button-inner theme-txt-link\">M\u00e9s informaci\u00f3<\/span><\/div><\/div><\/div><\/a><\/div><\/div><\/div><\/div><\/div>[\/vc_column][\/vc_row]\n<\/div>","protected":false},"excerpt":{"rendered":"Moltes gr\u00e0cies!El teu missatge s'ha enviat correctament Et trucarem al tel\u00e8fon indicat en breu. Anar a la home Els nostres serveis HipotequesT'acompanyem durant tot el proc\u00e9s de la teva hipotecaM\u00e9s informaci\u00f3AssegurancesLes millors cobertures adaptant-nos sempre a les teves necessitatsM\u00e9s informaci\u00f3Pr\u00e9stecsSenzills i sense avals per al que necessitisM\u00e9s informaci\u00f3Serveis jur\u00eddicsEspecialistes en dret immobiliari i financerM\u00e9s informaci\u00f3","protected":false},"author":1,"featured_media":0,"parent":0,"menu_order":0,"comment_status":"closed","ping_status":"closed","template":"","meta":{"_joinchat":[],"footnotes":""},"class_list":["post-15934","page","type-page","status-publish","hentry","entry","no-media"],"yoast_head":"<!-- This site is optimized with the Yoast SEO plugin v27.1.1 - https:\/\/yoast.com\/product\/yoast-seo-wordpress\/ -->\n<title>P\u00e0gina de gr\u00e0cies - \u00c0kteon<\/title>\n<meta name=\"robots\" content=\"index, follow, max-snippet:-1, max-image-preview:large, max-video-preview:-1\" \/>\n<link rel=\"canonical\" href=\"https:\/\/akteon.es\/ca\/pagina-de-gracies\/\" \/>\n<meta property=\"og:locale\" content=\"ca_ES\" \/>\n<meta property=\"og:type\" content=\"article\" \/>\n<meta property=\"og:title\" content=\"P\u00e0gina de gr\u00e0cies - \u00c0kteon\" \/>\n<meta property=\"og:url\" content=\"https:\/\/akteon.es\/ca\/pagina-de-gracies\/\" \/>\n<meta property=\"og:site_name\" content=\"\u00c0kteon\" \/>\n<meta property=\"article:modified_time\" content=\"2025-10-14T10:01:35+00:00\" \/>\n<meta name=\"twitter:card\" content=\"summary_large_image\" \/>\n<meta name=\"twitter:label1\" content=\"Temps estimat de lectura\" \/>\n\t<meta name=\"twitter:data1\" content=\"1 minut\" \/>\n<script type=\"application\/ld+json\" class=\"yoast-schema-graph\">{\"@context\":\"https:\/\/schema.org\",\"@graph\":[{\"@type\":\"WebPage\",\"@id\":\"https:\/\/akteon.es\/ca\/pagina-de-gracies\/\",\"url\":\"https:\/\/akteon.es\/ca\/pagina-de-gracies\/\",\"name\":\"P\u00e0gina de gr\u00e0cies - \u00c0kteon\",\"isPartOf\":{\"@id\":\"https:\/\/akteon.es\/#website\"},\"datePublished\":\"2025-10-14T09:09:10+00:00\",\"dateModified\":\"2025-10-14T10:01:35+00:00\",\"breadcrumb\":{\"@id\":\"https:\/\/akteon.es\/ca\/pagina-de-gracies\/#breadcrumb\"},\"inLanguage\":\"ca\",\"potentialAction\":[{\"@type\":\"ReadAction\",\"target\":[\"https:\/\/akteon.es\/ca\/pagina-de-gracies\/\"]}]},{\"@type\":\"BreadcrumbList\",\"@id\":\"https:\/\/akteon.es\/ca\/pagina-de-gracies\/#breadcrumb\",\"itemListElement\":[{\"@type\":\"ListItem\",\"position\":1,\"name\":\"Home\",\"item\":\"https:\/\/akteon.es\/ca\/\"},{\"@type\":\"ListItem\",\"position\":2,\"name\":\"P\u00e0gina de gr\u00e0cies\"}]},{\"@type\":\"WebSite\",\"@id\":\"https:\/\/akteon.es\/#website\",\"url\":\"https:\/\/akteon.es\/\",\"name\":\"\u00c0kteon\",\"description\":\"Especialistes en hipoteques\",\"publisher\":{\"@id\":\"https:\/\/akteon.es\/#organization\"},\"potentialAction\":[{\"@type\":\"SearchAction\",\"target\":{\"@type\":\"EntryPoint\",\"urlTemplate\":\"https:\/\/akteon.es\/?s={search_term_string}\"},\"query-input\":{\"@type\":\"PropertyValueSpecification\",\"valueRequired\":true,\"valueName\":\"search_term_string\"}}],\"inLanguage\":\"ca\"},{\"@type\":\"Organization\",\"@id\":\"https:\/\/akteon.es\/#organization\",\"name\":\"\u00c0kteon\",\"url\":\"https:\/\/akteon.es\/\",\"logo\":{\"@type\":\"ImageObject\",\"inLanguage\":\"ca\",\"@id\":\"https:\/\/akteon.es\/#\/schema\/logo\/image\/\",\"url\":\"https:\/\/akteon.es\/wp-content\/uploads\/2026\/03\/Akteon_normal.svg\",\"contentUrl\":\"https:\/\/akteon.es\/wp-content\/uploads\/2026\/03\/Akteon_normal.svg\",\"caption\":\"\u00c0kteon\"},\"image\":{\"@id\":\"https:\/\/akteon.es\/#\/schema\/logo\/image\/\"}}]}<\/script>\n<!-- \/ Yoast SEO plugin. -->","yoast_head_json":{"title":"P\u00e0gina de gr\u00e0cies - \u00c0kteon","robots":{"index":"index","follow":"follow","max-snippet":"max-snippet:-1","max-image-preview":"max-image-preview:large","max-video-preview":"max-video-preview:-1"},"canonical":"https:\/\/akteon.es\/ca\/pagina-de-gracies\/","og_locale":"ca_ES","og_type":"article","og_title":"P\u00e0gina de gr\u00e0cies - \u00c0kteon","og_url":"https:\/\/akteon.es\/ca\/pagina-de-gracies\/","og_site_name":"\u00c0kteon","article_modified_time":"2025-10-14T10:01:35+00:00","twitter_card":"summary_large_image","twitter_misc":{"Temps estimat de lectura":"1 minut"},"schema":{"@context":"https:\/\/schema.org","@graph":[{"@type":"WebPage","@id":"https:\/\/akteon.es\/ca\/pagina-de-gracies\/","url":"https:\/\/akteon.es\/ca\/pagina-de-gracies\/","name":"P\u00e0gina de gr\u00e0cies - \u00c0kteon","isPartOf":{"@id":"https:\/\/akteon.es\/#website"},"datePublished":"2025-10-14T09:09:10+00:00","dateModified":"2025-10-14T10:01:35+00:00","breadcrumb":{"@id":"https:\/\/akteon.es\/ca\/pagina-de-gracies\/#breadcrumb"},"inLanguage":"ca","potentialAction":[{"@type":"ReadAction","target":["https:\/\/akteon.es\/ca\/pagina-de-gracies\/"]}]},{"@type":"BreadcrumbList","@id":"https:\/\/akteon.es\/ca\/pagina-de-gracies\/#breadcrumb","itemListElement":[{"@type":"ListItem","position":1,"name":"Home","item":"https:\/\/akteon.es\/ca\/"},{"@type":"ListItem","position":2,"name":"P\u00e0gina de gr\u00e0cies"}]},{"@type":"WebSite","@id":"https:\/\/akteon.es\/#website","url":"https:\/\/akteon.es\/","name":"\u00c0kteon","description":"Especialistes en hipoteques","publisher":{"@id":"https:\/\/akteon.es\/#organization"},"potentialAction":[{"@type":"SearchAction","target":{"@type":"EntryPoint","urlTemplate":"https:\/\/akteon.es\/?s={search_term_string}"},"query-input":{"@type":"PropertyValueSpecification","valueRequired":true,"valueName":"search_term_string"}}],"inLanguage":"ca"},{"@type":"Organization","@id":"https:\/\/akteon.es\/#organization","name":"\u00c0kteon","url":"https:\/\/akteon.es\/","logo":{"@type":"ImageObject","inLanguage":"ca","@id":"https:\/\/akteon.es\/#\/schema\/logo\/image\/","url":"https:\/\/akteon.es\/wp-content\/uploads\/2026\/03\/Akteon_normal.svg","contentUrl":"https:\/\/akteon.es\/wp-content\/uploads\/2026\/03\/Akteon_normal.svg","caption":"\u00c0kteon"},"image":{"@id":"https:\/\/akteon.es\/#\/schema\/logo\/image\/"}}]}},"_links":{"self":[{"href":"https:\/\/akteon.es\/ca\/wp-json\/wp\/v2\/pages\/15934","targetHints":{"allow":["GET"]}}],"collection":[{"href":"https:\/\/akteon.es\/ca\/wp-json\/wp\/v2\/pages"}],"about":[{"href":"https:\/\/akteon.es\/ca\/wp-json\/wp\/v2\/types\/page"}],"author":[{"embeddable":true,"href":"https:\/\/akteon.es\/ca\/wp-json\/wp\/v2\/users\/1"}],"replies":[{"embeddable":true,"href":"https:\/\/akteon.es\/ca\/wp-json\/wp\/v2\/comments?post=15934"}],"version-history":[{"count":6,"href":"https:\/\/akteon.es\/ca\/wp-json\/wp\/v2\/pages\/15934\/revisions"}],"predecessor-version":[{"id":15977,"href":"https:\/\/akteon.es\/ca\/wp-json\/wp\/v2\/pages\/15934\/revisions\/15977"}],"wp:attachment":[{"href":"https:\/\/akteon.es\/ca\/wp-json\/wp\/v2\/media?parent=15934"}],"curies":[{"name":"wp","href":"https:\/\/api.w.org\/{rel}","templated":true}]}}