{"id":637,"date":"2024-06-14T10:17:16","date_gmt":"2024-06-14T10:17:16","guid":{"rendered":"https:\/\/akteon.es\/hipoteca-premium\/"},"modified":"2024-07-31T11:25:01","modified_gmt":"2024-07-31T11:25:01","slug":"hipoteca-premium","status":"publish","type":"page","link":"https:\/\/akteon.es\/ca\/hipoteques\/hipoteca-premium\/","title":{"rendered":"Hipoteca Premium"},"content":{"rendered":"<div class=\"wpb-content-wrapper\">[vc_row][vc_column width=&#8221;1\/4&#8243;][\/vc_column][vc_column width=&#8221;1\/2&#8243;][vc_column_text]\n<h3 style=\"text-align: center;\">No et conformis amb la hipoteca que t&#8217;ofereix el teu banc! Negocia la hipoteca en les condicions que et mereixes.<\/h3>\n[\/vc_column_text][\/vc_column][vc_column width=&#8221;1\/4&#8243;][\/vc_column][\/vc_row][vc_row][vc_column width=&#8221;1\/6&#8243;][\/vc_column][vc_column width=&#8221;2\/3&#8243;]<figure class=\"vcex-image vcex-module\"><div class=\"vcex-image-inner wpex-relative wpex-inline-block\"><img width=\"1440\" height=\"800\" src=\"https:\/\/akteon.es\/wp-content\/uploads\/2024\/06\/hipotecas-web-1-akteon.jpg\" class=\"vcex-image-img wpex-align-middle\" alt=\"Hipoteca 100%\" loading=\"lazy\" decoding=\"async\" srcset=\"https:\/\/akteon.es\/wp-content\/uploads\/2024\/06\/hipotecas-web-1-akteon.jpg 1440w, https:\/\/akteon.es\/wp-content\/uploads\/2024\/06\/hipotecas-web-1-akteon-300x167.jpg 300w, https:\/\/akteon.es\/wp-content\/uploads\/2024\/06\/hipotecas-web-1-akteon-1024x569.jpg 1024w, https:\/\/akteon.es\/wp-content\/uploads\/2024\/06\/hipotecas-web-1-akteon-768x427.jpg 768w\" sizes=\"auto, (max-width: 1440px) 100vw, 1440px\" \/><\/div><\/figure>[\/vc_column][vc_column width=&#8221;1\/6&#8243;][\/vc_column][\/vc_row][vc_row][vc_column width=&#8221;1\/4&#8243;][\/vc_column][vc_column width=&#8221;1\/2&#8243;][vc_column_text]\n<h3 style=\"text-align: center;\">\u00c0kteon disposa de tipus d&#8217;inter\u00e8s preferencials per a tu.<\/h3>\n[\/vc_column_text][\/vc_column][vc_column width=&#8221;1\/4&#8243;][\/vc_column][\/vc_row][vc_row css=&#8221;.vc_custom_1718360094061{margin-bottom: 5% !important;}&#8221;][vc_column width=&#8221;1\/6&#8243;][\/vc_column][vc_column width=&#8221;2\/3&#8243; css=&#8221;.vc_custom_1718360067022{padding-top: 5% !important;padding-right: 5% !important;padding-bottom: 5% !important;padding-left: 5% !important;background-color: #f7f7f7 !important;border-radius: 5px !important;}&#8221;]\n<div class=\"wpcf7 no-js\" id=\"wpcf7-f653-o1\" lang=\"ca\" dir=\"ltr\">\n<div class=\"screen-reader-response\"><p role=\"status\" aria-live=\"polite\" aria-atomic=\"true\"><\/p> <ul><\/ul><\/div>\n<form action=\"\/ca\/wp-json\/wp\/v2\/pages\/637#wpcf7-f653-o1\" method=\"post\" class=\"wpcf7-form init\" aria-label=\"Formulari de contacte\" novalidate=\"novalidate\" data-status=\"init\">\n<div style=\"display: none;\">\n<input type=\"hidden\" name=\"_wpcf7\" value=\"653\" \/>\n<input type=\"hidden\" name=\"_wpcf7_version\" value=\"5.9.8\" \/>\n<input type=\"hidden\" name=\"_wpcf7_locale\" value=\"ca\" \/>\n<input type=\"hidden\" name=\"_wpcf7_unit_tag\" value=\"wpcf7-f653-o1\" \/>\n<input type=\"hidden\" name=\"_wpcf7_container_post\" value=\"0\" \/>\n<input type=\"hidden\" name=\"_wpcf7_posted_data_hash\" value=\"\" \/>\n<input type=\"hidden\" name=\"iside_cf7_pardot_formHandlerUrl\" value=\"https:\/\/go.akteon.es\/l\/1075372\/2025-01-08\/bk67cc\" \/>\n<input type=\"hidden\" name=\"_wpcf7_recaptcha_response\" value=\"\" \/>\n<\/div>\n<div class=\"form-row\">\n\t<div class=\"column-half\">\n\t\t<p>Nom * <span class=\"wpcf7-form-control-wrap\" data-name=\"first-name\"><input size=\"40\" maxlength=\"400\" class=\"wpcf7-form-control wpcf7-text wpcf7-validates-as-required\" aria-required=\"true\" aria-invalid=\"false\" value=\"\" type=\"text\" name=\"first-name\" \/><\/span>\n\t\t<\/p>\n\t<\/div>\n\t<div class=\"column-half\">\n\t\t<p>Cognoms * <span class=\"wpcf7-form-control-wrap\" data-name=\"apellidos\"><input size=\"40\" maxlength=\"400\" class=\"wpcf7-form-control wpcf7-text wpcf7-validates-as-required\" aria-required=\"true\" aria-invalid=\"false\" value=\"\" type=\"text\" name=\"apellidos\" \/><\/span>\n\t\t<\/p>\n\t<\/div>\n<\/div>\n<div class=\"form-row\">\n\t<div class=\"column-full\">\n\t\t<p>Email * <span class=\"wpcf7-form-control-wrap\" data-name=\"your-email\"><input size=\"40\" maxlength=\"400\" class=\"wpcf7-form-control wpcf7-email wpcf7-validates-as-required wpcf7-text wpcf7-validates-as-email\" aria-required=\"true\" aria-invalid=\"false\" value=\"\" type=\"email\" name=\"your-email\" \/><\/span>\n\t\t<\/p>\n\t<\/div>\n<\/div>\n<div class=\"form-row\">\n\t<div class=\"column-half\">\n\t\t<p>Tel\u00e8fon * <span class=\"wpcf7-form-control-wrap\" data-name=\"your-phone\"><input size=\"40\" maxlength=\"400\" class=\"wpcf7-form-control wpcf7-text wpcf7-validates-as-required\" aria-required=\"true\" aria-invalid=\"false\" value=\"\" type=\"text\" name=\"your-phone\" \/><\/span>\n\t\t<\/p>\n\t<\/div>\n\t<div class=\"column-half\">\n\t\t<p>Prov\u00edncia * <span class=\"wpcf7-form-control-wrap\" data-name=\"provincia\"><select class=\"wpcf7-form-control wpcf7-select wpcf7-validates-as-required\" aria-required=\"true\" aria-invalid=\"false\" name=\"provincia\"><option value=\"\">Selecciona una prov\u00edncia<\/option><option value=\"\u00c1lava\">\u00c1lava<\/option><option value=\"Albacete\">Albacete<\/option><option value=\"Alicante\">Alicante<\/option><option value=\"Almer\u00eda\">Almer\u00eda<\/option><option value=\"Asturias\">Asturias<\/option><option value=\"\u00c1vila\">\u00c1vila<\/option><option value=\"Badajoz\">Badajoz<\/option><option value=\"Barcelona\">Barcelona<\/option><option value=\"Bizkaia\">Bizkaia<\/option><option value=\"Burgos\">Burgos<\/option><option value=\"C\u00e1ceres\">C\u00e1ceres<\/option><option value=\"C\u00e1diz\">C\u00e1diz<\/option><option value=\"Cantabria\">Cantabria<\/option><option value=\"Castell\u00f3n\">Castell\u00f3n<\/option><option value=\"Ciudad Real\">Ciudad Real<\/option><option value=\"C\u00f3rdoba\">C\u00f3rdoba<\/option><option value=\"Cuenca\">Cuenca<\/option><option value=\"Girona\">Girona<\/option><option value=\"Granada\">Granada<\/option><option value=\"Guadalajara\">Guadalajara<\/option><option value=\"Gipuzkoa\">Gipuzkoa<\/option><option value=\"Huelva\">Huelva<\/option><option value=\"Huesca\">Huesca<\/option><option value=\"Illes Balears\">Illes Balears<\/option><option value=\"Ja\u00e9n\">Ja\u00e9n<\/option><option value=\"A Coru\u00f1a\">A Coru\u00f1a<\/option><option value=\"La Rioja\">La Rioja<\/option><option value=\"Las Palmas\">Las Palmas<\/option><option value=\"Le\u00f3n\">Le\u00f3n<\/option><option value=\"Lleida\">Lleida<\/option><option value=\"Lugo\">Lugo<\/option><option value=\"Madrid\">Madrid<\/option><option value=\"M\u00e1laga\">M\u00e1laga<\/option><option value=\"Murcia\">Murcia<\/option><option value=\"Navarra\">Navarra<\/option><option value=\"Ourense\">Ourense<\/option><option value=\"Palencia\">Palencia<\/option><option value=\"Pontevedra\">Pontevedra<\/option><option value=\"Salamanca\">Salamanca<\/option><option value=\"Santa Cruz de Tenerife\">Santa Cruz de Tenerife<\/option><option value=\"Segovia\">Segovia<\/option><option value=\"Sevilla\">Sevilla<\/option><option value=\"Soria\">Soria<\/option><option value=\"Tarragona\">Tarragona<\/option><option value=\"Teruel\">Teruel<\/option><option value=\"Toledo\">Toledo<\/option><option value=\"Valencia\">Valencia<\/option><option value=\"Valladolid\">Valladolid<\/option><option value=\"Zamora\">Zamora<\/option><option value=\"Zaragoza\">Zaragoza<\/option><\/select><\/span>\n\t\t<\/p>\n\t<\/div>\n<\/div>\n<div class=\"form-row\">\n\t<div class=\"column-full\">\n\t\t<p><label><span class=\"wpcf7-form-control-wrap\" data-name=\"aceptance-576\"><span class=\"wpcf7-form-control wpcf7-acceptance\"><span class=\"wpcf7-list-item\"><input type=\"checkbox\" name=\"aceptance-576\" value=\"1\" aria-invalid=\"false\" \/><\/span><\/span><\/span> He llegit i accepto l'<a target=\"_blank\" rel=\"nofollow noopener noreferrer\" href=\"\/ca\/avis-legal\/\">Av\u00eds Legal<\/a> i la <a target=\"_blank\" rel=\"nofollow noopener noreferrer\" href=\"\/ca\/politica-de-privacidade\/\">Pol\u00edtica de privadesa<\/a><\/label>\n\t\t<\/p>\n\t<\/div>\n<\/div>\n<div class=\"form-row\">\n\t<div class=\"column-full\">\n\t\t<p><input class=\"wpcf7-form-control wpcf7-submit has-spinner\" type=\"submit\" value=\"Enviar informaci\u00f3 per trucada\" \/>\n\t\t<\/p>\n\t<\/div>\n<\/div><p style=\"display: none !important;\" class=\"akismet-fields-container\" data-prefix=\"_wpcf7_ak_\"><label>&#916;<textarea name=\"_wpcf7_ak_hp_textarea\" cols=\"45\" rows=\"8\" maxlength=\"100\"><\/textarea><\/label><input type=\"hidden\" id=\"ak_js_1\" name=\"_wpcf7_ak_js\" value=\"82\"\/><script>document.getElementById( \"ak_js_1\" ).setAttribute( \"value\", ( new Date() ).getTime() );<\/script><\/p><input type='hidden' class='wpcf7-pum' value='{\"closepopup\":false,\"closedelay\":0,\"openpopup\":false,\"openpopup_id\":0}' \/><div class=\"wpcf7-response-output\" aria-hidden=\"true\"><\/div>\n<\/form>\n<\/div>\n[\/vc_column][vc_column width=&#8221;1\/6&#8243;][\/vc_column][\/vc_row][vc_row][vc_column]<div class=\"templatera_shortcode\"><div class=\"vc_row wpb_row vc_row-fluid wpex-relative\"><div class=\"wpb_column vc_column_container vc_col-sm-12\"><div class=\"vc_column-inner\"><div class=\"wpb_wrapper\">\n\t<div class=\"wpb_text_column wpb_content_element\" >\n\t\t<div class=\"wpb_wrapper\">\n\t\t\t<h3>Els nostres serveis<\/h3>\n\n\t\t<\/div>\n\t<\/div>\n<\/div><\/div><\/div><\/div><div class=\"vc_row wpb_row vc_row-fluid wpex-relative wpex-vc-has-custom-column-spacing wpex-vc-column-spacing-10\"><div class=\"wpb_column vc_column_container vc_col-sm-3\"><div class=\"vc_column-inner\"><div class=\"wpb_wrapper\"><style>.vcex-image-banner.vcex_69eb925375180 .vcex-ib-content-wrap{padding:20px;}.vcex-image-banner.vcex_69eb925375180 .vcex-ib-overlay-bg{opacity:0.4;}.vcex-image-banner.vcex_69eb925375180 .vcex-ib-title{padding-block-end:5px;font-size:28px;}.vcex-image-banner.vcex_69eb925375180 .vcex-ib-caption{padding-block-end:120px;font-size:13px;}<\/style><a class=\"vcex-module vcex-image-banner vcex-image-banner-has-link wpex-no-underline wpex-flex wpex-flex-col wpex-w-100 wpex-justify-center wpex-relative wpex-overflow-hidden wpex-bg-gray-900 wpex-text-white wpex-hover-text-white wpex-text-left wpex-rounded vcex-h-zoom wpex-isolate vcex-has-button vcex_69eb925375180\" href=\"https:\/\/akteon.es\/ca\/hipoteques\/\"><span class=\"vcex-ib-img wpex-block wpex-transition-all wpex-duration-500 wpex-bg-cover wpex-absolute wpex-inset-0\" style=\"background-image:url(https:\/\/akteon.es\/wp-content\/uploads\/2024\/07\/refinanciacion-hipotecas.jpg);\"><\/span><div class=\"vcex-ib-overlay wpex-absolute wpex-inset-0 wpex-transition-all wpex-duration-500\"><div class=\"vcex-ib-overlay-bg wpex-absolute wpex-inset-0 wpex-bg-black wpex-opacity-30\"><\/div><\/div><div class=\"vcex-ib-content-wrap wpex-w-100 wpex-transition-all wpex-duration-500 wpex-py-100 wpex-px-40 wpex-relative\"><div class=\"vcex-ib-content wpex-mr-auto\"><div class=\"vcex-ib-title wpex-heading wpex-inherit-color-important\">Hipoteques<\/div><div class=\"vcex-ib-caption wpex-text-lg wpex-last-mb-0\">T'acompanyem durant tot el proc\u00e9s de la teva hipoteca<\/div><div class=\"vcex-ib-button\"><span class=\"vcex-ib-button-inner theme-txt-link\">M\u00e9s informaci\u00f3<\/span><\/div><\/div><\/div><\/a><\/div><\/div><\/div><div class=\"wpb_column vc_column_container vc_col-sm-3\"><div class=\"vc_column-inner\"><div class=\"wpb_wrapper\"><style>.vcex-image-banner.vcex_69eb925377f1f .vcex-ib-content-wrap{padding:20px;}.vcex-image-banner.vcex_69eb925377f1f .vcex-ib-overlay-bg{opacity:0.4;}.vcex-image-banner.vcex_69eb925377f1f .vcex-ib-title{padding-block-end:5px;font-size:28px;}.vcex-image-banner.vcex_69eb925377f1f .vcex-ib-caption{padding-block-end:120px;font-size:13px;}<\/style><a class=\"vcex-module vcex-image-banner vcex-image-banner-has-link wpex-no-underline wpex-flex wpex-flex-col wpex-w-100 wpex-justify-center wpex-relative wpex-overflow-hidden wpex-bg-gray-900 wpex-text-white wpex-hover-text-white wpex-text-left wpex-rounded vcex-h-zoom wpex-isolate vcex-has-button vcex_69eb925377f1f\" href=\"https:\/\/akteon.es\/ca\/assegurances\/\"><span class=\"vcex-ib-img wpex-block wpex-transition-all wpex-duration-500 wpex-bg-cover wpex-absolute wpex-inset-0\" style=\"background-image:url(https:\/\/akteon.es\/wp-content\/uploads\/2024\/05\/gestor-personal-akteon.jpg);\"><\/span><div class=\"vcex-ib-overlay wpex-absolute wpex-inset-0 wpex-transition-all wpex-duration-500\"><div class=\"vcex-ib-overlay-bg wpex-absolute wpex-inset-0 wpex-bg-black wpex-opacity-30\"><\/div><\/div><div class=\"vcex-ib-content-wrap wpex-w-100 wpex-transition-all wpex-duration-500 wpex-py-100 wpex-px-40 wpex-relative\"><div class=\"vcex-ib-content wpex-mr-auto\"><div class=\"vcex-ib-title wpex-heading wpex-inherit-color-important\">Assegurances<\/div><div class=\"vcex-ib-caption wpex-text-lg wpex-last-mb-0\">Les millors cobertures adaptant-nos sempre a les teves necessitats<\/div><div class=\"vcex-ib-button\"><span class=\"vcex-ib-button-inner theme-txt-link\">M\u00e9s informaci\u00f3<\/span><\/div><\/div><\/div><\/a><\/div><\/div><\/div><div class=\"wpb_column vc_column_container vc_col-sm-3\"><div class=\"vc_column-inner\"><div class=\"wpb_wrapper\"><style>.vcex-image-banner.vcex_69eb92537a630 .vcex-ib-content-wrap{padding:20px;}.vcex-image-banner.vcex_69eb92537a630 .vcex-ib-overlay-bg{opacity:0.4;}.vcex-image-banner.vcex_69eb92537a630 .vcex-ib-title{padding-block-end:5px;font-size:28px;}.vcex-image-banner.vcex_69eb92537a630 .vcex-ib-caption{padding-block-end:120px;font-size:13px;}<\/style><a class=\"vcex-module vcex-image-banner vcex-image-banner-has-link wpex-no-underline wpex-flex wpex-flex-col wpex-w-100 wpex-justify-center wpex-relative wpex-overflow-hidden wpex-bg-gray-900 wpex-text-white wpex-hover-text-white wpex-text-left wpex-rounded vcex-h-zoom wpex-isolate vcex-has-button vcex_69eb92537a630\" href=\"https:\/\/akteon.es\/ca\/prestecs\/\" title=\"Pr\u00e9stecs\"><span class=\"vcex-ib-img wpex-block wpex-transition-all wpex-duration-500 wpex-bg-cover wpex-absolute wpex-inset-0\" style=\"background-image:url(https:\/\/akteon.es\/wp-content\/uploads\/2024\/07\/servicios-juridicos-akteon.jpg);\"><\/span><div class=\"vcex-ib-overlay wpex-absolute wpex-inset-0 wpex-transition-all wpex-duration-500\"><div class=\"vcex-ib-overlay-bg wpex-absolute wpex-inset-0 wpex-bg-black wpex-opacity-30\"><\/div><\/div><div class=\"vcex-ib-content-wrap wpex-w-100 wpex-transition-all wpex-duration-500 wpex-py-100 wpex-px-40 wpex-relative\"><div class=\"vcex-ib-content wpex-mr-auto\"><div class=\"vcex-ib-title wpex-heading wpex-inherit-color-important\">Pr\u00e9stecs<\/div><div class=\"vcex-ib-caption wpex-text-lg wpex-last-mb-0\">Senzills i sense avals per al que necessitis<\/div><div class=\"vcex-ib-button\"><span class=\"vcex-ib-button-inner theme-txt-link\">M\u00e9s informaci\u00f3<\/span><\/div><\/div><\/div><\/a><\/div><\/div><\/div><div class=\"wpb_column vc_column_container vc_col-sm-3\"><div class=\"vc_column-inner\"><div class=\"wpb_wrapper\"><style>.vcex-image-banner.vcex_69eb92537d486 .vcex-ib-content-wrap{padding:20px;}.vcex-image-banner.vcex_69eb92537d486 .vcex-ib-overlay-bg{opacity:0.4;}.vcex-image-banner.vcex_69eb92537d486 .vcex-ib-title{padding-block-end:5px;font-size:28px;}.vcex-image-banner.vcex_69eb92537d486 .vcex-ib-caption{padding-block-end:120px;font-size:13px;}<\/style><a class=\"vcex-module vcex-image-banner vcex-image-banner-has-link wpex-no-underline wpex-flex wpex-flex-col wpex-w-100 wpex-justify-center wpex-relative wpex-overflow-hidden wpex-bg-gray-900 wpex-text-white wpex-hover-text-white wpex-text-left wpex-rounded vcex-h-zoom wpex-isolate vcex-has-button vcex_69eb92537d486\" href=\"https:\/\/akteon.es\/ca\/serveis-juridics\/\" title=\"Pr\u00e9stecs\"><span class=\"vcex-ib-img wpex-block wpex-transition-all wpex-duration-500 wpex-bg-cover wpex-absolute wpex-inset-0\" style=\"background-image:url(https:\/\/akteon.es\/wp-content\/uploads\/2024\/07\/asistencia-firma-akteon.jpg);\"><\/span><div class=\"vcex-ib-overlay wpex-absolute wpex-inset-0 wpex-transition-all wpex-duration-500\"><div class=\"vcex-ib-overlay-bg wpex-absolute wpex-inset-0 wpex-bg-black wpex-opacity-30\"><\/div><\/div><div class=\"vcex-ib-content-wrap wpex-w-100 wpex-transition-all wpex-duration-500 wpex-py-100 wpex-px-40 wpex-relative\"><div class=\"vcex-ib-content wpex-mr-auto\"><div class=\"vcex-ib-title wpex-heading wpex-inherit-color-important\">Serveis jur\u00eddics<\/div><div class=\"vcex-ib-caption wpex-text-lg wpex-last-mb-0\">Especialistes en dret immobiliari i financer<\/div><div class=\"vcex-ib-button\"><span class=\"vcex-ib-button-inner theme-txt-link\">M\u00e9s informaci\u00f3<\/span><\/div><\/div><\/div><\/a><\/div><\/div><\/div><\/div><\/div>[\/vc_column][\/vc_row]\n<\/div>","protected":false},"excerpt":{"rendered":"No et conformis amb la hipoteca que t'ofereix el teu banc! Negocia la hipoteca en les condicions que et mereixes. \u00c0kteon disposa de tipus d'inter\u00e8s preferencials per a tu. Nom * Cognoms * Email * Tel\u00e8fon * Prov\u00edncia * Selecciona una prov\u00edncia\u00c1lavaAlbaceteAlicanteAlmer\u00edaAsturias\u00c1vilaBadajozBarcelonaBizkaiaBurgosC\u00e1ceresC\u00e1dizCantabriaCastell\u00f3nCiudad RealC\u00f3rdobaCuencaGironaGranadaGuadalajaraGipuzkoaHuelvaHuescaIlles BalearsJa\u00e9nA Coru\u00f1aLa RiojaLas PalmasLe\u00f3nLleidaLugoMadridM\u00e1lagaMurciaNavarraOurensePalenciaPontevedraSalamancaSanta Cruz de TenerifeSegoviaSevillaSoriaTarragonaTeruelToledoValenciaValladolidZamoraZaragoza He llegit i accepto l'Av\u00eds&hellip;","protected":false},"author":1,"featured_media":10541,"parent":643,"menu_order":0,"comment_status":"closed","ping_status":"closed","template":"","meta":{"_joinchat":[],"footnotes":""},"class_list":["post-637","page","type-page","status-publish","has-post-thumbnail","hentry","entry","has-media"],"yoast_head":"<!-- This site is optimized with the Yoast SEO plugin v27.1.1 - https:\/\/yoast.com\/product\/yoast-seo-wordpress\/ -->\n<title>Hipoteca Premium - \u00c0kteon<\/title>\n<meta name=\"robots\" content=\"index, follow, max-snippet:-1, max-image-preview:large, max-video-preview:-1\" \/>\n<link rel=\"canonical\" href=\"https:\/\/akteon.es\/ca\/hipoteques\/hipoteca-premium\/\" \/>\n<meta property=\"og:locale\" content=\"ca_ES\" \/>\n<meta property=\"og:type\" content=\"article\" \/>\n<meta property=\"og:title\" content=\"Hipoteca Premium - \u00c0kteon\" \/>\n<meta property=\"og:url\" content=\"https:\/\/akteon.es\/ca\/hipoteques\/hipoteca-premium\/\" \/>\n<meta property=\"og:site_name\" content=\"\u00c0kteon\" \/>\n<meta property=\"article:modified_time\" content=\"2024-07-31T11:25:01+00:00\" \/>\n<meta name=\"twitter:card\" content=\"summary_large_image\" \/>\n<meta name=\"twitter:label1\" content=\"Temps estimat de lectura\" \/>\n\t<meta name=\"twitter:data1\" content=\"1 minut\" \/>\n<script type=\"application\/ld+json\" class=\"yoast-schema-graph\">{\"@context\":\"https:\/\/schema.org\",\"@graph\":[{\"@type\":\"WebPage\",\"@id\":\"https:\/\/akteon.es\/ca\/hipoteques\/hipoteca-premium\/\",\"url\":\"https:\/\/akteon.es\/ca\/hipoteques\/hipoteca-premium\/\",\"name\":\"Hipoteca Premium - \u00c0kteon\",\"isPartOf\":{\"@id\":\"https:\/\/akteon.es\/#website\"},\"primaryImageOfPage\":{\"@id\":\"https:\/\/akteon.es\/ca\/hipoteques\/hipoteca-premium\/#primaryimage\"},\"image\":{\"@id\":\"https:\/\/akteon.es\/ca\/hipoteques\/hipoteca-premium\/#primaryimage\"},\"thumbnailUrl\":\"https:\/\/akteon.es\/wp-content\/uploads\/2025\/06\/Mejor-hipoteca-Akteon-1.webp\",\"datePublished\":\"2024-06-14T10:17:16+00:00\",\"dateModified\":\"2024-07-31T11:25:01+00:00\",\"breadcrumb\":{\"@id\":\"https:\/\/akteon.es\/ca\/hipoteques\/hipoteca-premium\/#breadcrumb\"},\"inLanguage\":\"ca\",\"potentialAction\":[{\"@type\":\"ReadAction\",\"target\":[\"https:\/\/akteon.es\/ca\/hipoteques\/hipoteca-premium\/\"]}]},{\"@type\":\"ImageObject\",\"inLanguage\":\"ca\",\"@id\":\"https:\/\/akteon.es\/ca\/hipoteques\/hipoteca-premium\/#primaryimage\",\"url\":\"https:\/\/akteon.es\/wp-content\/uploads\/2025\/06\/Mejor-hipoteca-Akteon-1.webp\",\"contentUrl\":\"https:\/\/akteon.es\/wp-content\/uploads\/2025\/06\/Mejor-hipoteca-Akteon-1.webp\",\"width\":300,\"height\":300,\"caption\":\"Mejor hipoteca\"},{\"@type\":\"BreadcrumbList\",\"@id\":\"https:\/\/akteon.es\/ca\/hipoteques\/hipoteca-premium\/#breadcrumb\",\"itemListElement\":[{\"@type\":\"ListItem\",\"position\":1,\"name\":\"Home\",\"item\":\"https:\/\/akteon.es\/ca\/\"},{\"@type\":\"ListItem\",\"position\":2,\"name\":\"Hipoteques\",\"item\":\"https:\/\/akteon.es\/ca\/hipoteques\/\"},{\"@type\":\"ListItem\",\"position\":3,\"name\":\"Hipoteca Premium\"}]},{\"@type\":\"WebSite\",\"@id\":\"https:\/\/akteon.es\/#website\",\"url\":\"https:\/\/akteon.es\/\",\"name\":\"\u00c0kteon\",\"description\":\"Especialistes en hipoteques\",\"publisher\":{\"@id\":\"https:\/\/akteon.es\/#organization\"},\"potentialAction\":[{\"@type\":\"SearchAction\",\"target\":{\"@type\":\"EntryPoint\",\"urlTemplate\":\"https:\/\/akteon.es\/?s={search_term_string}\"},\"query-input\":{\"@type\":\"PropertyValueSpecification\",\"valueRequired\":true,\"valueName\":\"search_term_string\"}}],\"inLanguage\":\"ca\"},{\"@type\":\"Organization\",\"@id\":\"https:\/\/akteon.es\/#organization\",\"name\":\"\u00c0kteon\",\"url\":\"https:\/\/akteon.es\/\",\"logo\":{\"@type\":\"ImageObject\",\"inLanguage\":\"ca\",\"@id\":\"https:\/\/akteon.es\/#\/schema\/logo\/image\/\",\"url\":\"https:\/\/akteon.es\/wp-content\/uploads\/2026\/03\/Akteon_normal.svg\",\"contentUrl\":\"https:\/\/akteon.es\/wp-content\/uploads\/2026\/03\/Akteon_normal.svg\",\"caption\":\"\u00c0kteon\"},\"image\":{\"@id\":\"https:\/\/akteon.es\/#\/schema\/logo\/image\/\"}}]}<\/script>\n<!-- \/ Yoast SEO plugin. -->","yoast_head_json":{"title":"Hipoteca Premium - \u00c0kteon","robots":{"index":"index","follow":"follow","max-snippet":"max-snippet:-1","max-image-preview":"max-image-preview:large","max-video-preview":"max-video-preview:-1"},"canonical":"https:\/\/akteon.es\/ca\/hipoteques\/hipoteca-premium\/","og_locale":"ca_ES","og_type":"article","og_title":"Hipoteca Premium - \u00c0kteon","og_url":"https:\/\/akteon.es\/ca\/hipoteques\/hipoteca-premium\/","og_site_name":"\u00c0kteon","article_modified_time":"2024-07-31T11:25:01+00:00","twitter_card":"summary_large_image","twitter_misc":{"Temps estimat de lectura":"1 minut"},"schema":{"@context":"https:\/\/schema.org","@graph":[{"@type":"WebPage","@id":"https:\/\/akteon.es\/ca\/hipoteques\/hipoteca-premium\/","url":"https:\/\/akteon.es\/ca\/hipoteques\/hipoteca-premium\/","name":"Hipoteca Premium - \u00c0kteon","isPartOf":{"@id":"https:\/\/akteon.es\/#website"},"primaryImageOfPage":{"@id":"https:\/\/akteon.es\/ca\/hipoteques\/hipoteca-premium\/#primaryimage"},"image":{"@id":"https:\/\/akteon.es\/ca\/hipoteques\/hipoteca-premium\/#primaryimage"},"thumbnailUrl":"https:\/\/akteon.es\/wp-content\/uploads\/2025\/06\/Mejor-hipoteca-Akteon-1.webp","datePublished":"2024-06-14T10:17:16+00:00","dateModified":"2024-07-31T11:25:01+00:00","breadcrumb":{"@id":"https:\/\/akteon.es\/ca\/hipoteques\/hipoteca-premium\/#breadcrumb"},"inLanguage":"ca","potentialAction":[{"@type":"ReadAction","target":["https:\/\/akteon.es\/ca\/hipoteques\/hipoteca-premium\/"]}]},{"@type":"ImageObject","inLanguage":"ca","@id":"https:\/\/akteon.es\/ca\/hipoteques\/hipoteca-premium\/#primaryimage","url":"https:\/\/akteon.es\/wp-content\/uploads\/2025\/06\/Mejor-hipoteca-Akteon-1.webp","contentUrl":"https:\/\/akteon.es\/wp-content\/uploads\/2025\/06\/Mejor-hipoteca-Akteon-1.webp","width":300,"height":300,"caption":"Mejor hipoteca"},{"@type":"BreadcrumbList","@id":"https:\/\/akteon.es\/ca\/hipoteques\/hipoteca-premium\/#breadcrumb","itemListElement":[{"@type":"ListItem","position":1,"name":"Home","item":"https:\/\/akteon.es\/ca\/"},{"@type":"ListItem","position":2,"name":"Hipoteques","item":"https:\/\/akteon.es\/ca\/hipoteques\/"},{"@type":"ListItem","position":3,"name":"Hipoteca Premium"}]},{"@type":"WebSite","@id":"https:\/\/akteon.es\/#website","url":"https:\/\/akteon.es\/","name":"\u00c0kteon","description":"Especialistes en hipoteques","publisher":{"@id":"https:\/\/akteon.es\/#organization"},"potentialAction":[{"@type":"SearchAction","target":{"@type":"EntryPoint","urlTemplate":"https:\/\/akteon.es\/?s={search_term_string}"},"query-input":{"@type":"PropertyValueSpecification","valueRequired":true,"valueName":"search_term_string"}}],"inLanguage":"ca"},{"@type":"Organization","@id":"https:\/\/akteon.es\/#organization","name":"\u00c0kteon","url":"https:\/\/akteon.es\/","logo":{"@type":"ImageObject","inLanguage":"ca","@id":"https:\/\/akteon.es\/#\/schema\/logo\/image\/","url":"https:\/\/akteon.es\/wp-content\/uploads\/2026\/03\/Akteon_normal.svg","contentUrl":"https:\/\/akteon.es\/wp-content\/uploads\/2026\/03\/Akteon_normal.svg","caption":"\u00c0kteon"},"image":{"@id":"https:\/\/akteon.es\/#\/schema\/logo\/image\/"}}]}},"_links":{"self":[{"href":"https:\/\/akteon.es\/ca\/wp-json\/wp\/v2\/pages\/637","targetHints":{"allow":["GET"]}}],"collection":[{"href":"https:\/\/akteon.es\/ca\/wp-json\/wp\/v2\/pages"}],"about":[{"href":"https:\/\/akteon.es\/ca\/wp-json\/wp\/v2\/types\/page"}],"author":[{"embeddable":true,"href":"https:\/\/akteon.es\/ca\/wp-json\/wp\/v2\/users\/1"}],"replies":[{"embeddable":true,"href":"https:\/\/akteon.es\/ca\/wp-json\/wp\/v2\/comments?post=637"}],"version-history":[{"count":2,"href":"https:\/\/akteon.es\/ca\/wp-json\/wp\/v2\/pages\/637\/revisions"}],"predecessor-version":[{"id":639,"href":"https:\/\/akteon.es\/ca\/wp-json\/wp\/v2\/pages\/637\/revisions\/639"}],"up":[{"embeddable":true,"href":"https:\/\/akteon.es\/ca\/wp-json\/wp\/v2\/pages\/643"}],"wp:featuredmedia":[{"embeddable":true,"href":"https:\/\/akteon.es\/ca\/wp-json\/wp\/v2\/media\/10541"}],"wp:attachment":[{"href":"https:\/\/akteon.es\/ca\/wp-json\/wp\/v2\/media?parent=637"}],"curies":[{"name":"wp","href":"https:\/\/api.w.org\/{rel}","templated":true}]}}