{"id":647,"date":"2024-06-04T11:35:52","date_gmt":"2024-06-04T11:35:52","guid":{"rendered":"https:\/\/akteon.es\/prestecs\/"},"modified":"2024-08-01T08:39:27","modified_gmt":"2024-08-01T08:39:27","slug":"prestecs","status":"publish","type":"page","link":"https:\/\/akteon.es\/ca\/prestecs\/","title":{"rendered":"Pr\u00e9stecs"},"content":{"rendered":"<div class=\"wpb-content-wrapper\">[vc_row full_width=&#8221;stretch_row_content_no_spaces&#8221; wpex_bg_overlay=&#8221;dark&#8221; wpex_bg_overlay_blend=&#8221;multiply&#8221; wpex_bg_overlay_color=&#8221;#000000&#8243; css=&#8221;.vc_custom_1720174371863{padding-top: 12% !important;padding-bottom: 7% !important;background-image: url(https:\/\/akteon.es\/wp-content\/uploads\/2024\/07\/prestamos-inmobiliarios-akteon.jpg?id=402) !important;background-position: center !important;background-repeat: no-repeat !important;background-size: cover !important;}&#8221; wpex_bg_overlay_opacity=&#8221;30%&#8221;][vc_column width=&#8221;1\/6&#8243;][\/vc_column][vc_column width=&#8221;2\/3&#8243;][vc_column_text color=&#8221;#ffffff&#8221;]\n<h1 style=\"text-align: center;\">Pr\u00e9stecs senzills i sense avals per al que necessitis<\/h1>\n[\/vc_column_text]<div class=\"vcex-spacing wpex-w-100 wpex-clear\" style=\"height:15px;\"><\/div><style>.vcex-icon.vcex_69df3bfaf1c53 .vcex-icon-wrap{color:#1eb4f2;}<\/style><div class=\"vcex-icon vcex-module vcex-icon-normal wpex-text-center vcex_69df3bfaf1c53\"><div class=\"vcex-icon-wrap wpex-inline-flex wpex-items-center wpex-justify-center wpex-leading-none\"><span class=\"wpex-icon\" aria-hidden=\"true\"><svg xmlns=\"http:\/\/www.w3.org\/2000\/svg\" viewBox=\"0 0 448 512\"><path d=\"M201.4 342.6c12.5 12.5 32.8 12.5 45.3 0l160-160c12.5-12.5 12.5-32.8 0-45.3s-32.8-12.5-45.3 0L224 274.7 86.6 137.4c-12.5-12.5-32.8-12.5-45.3 0s-12.5 32.8 0 45.3l160 160z\"\/><\/svg><\/span><\/div><\/div>[\/vc_column][vc_column width=&#8221;1\/6&#8243;][\/vc_column][\/vc_row][vc_row css=&#8221;.vc_custom_1717500307432{padding-top: 5% !important;}&#8221;][vc_column][vc_column_text]\n<h2>Tens petits objectius a curt termini?<\/h2>\n[\/vc_column_text]<div class=\"vcex-module vcex-divider vcex-divider-solid vcex-divider-center wpex-mx-auto wpex-block wpex-h-0 wpex-border-b wpex-border-solid wpex-border-main\" style=\"margin-block:20px;border-color:#1eb4f2;\"><\/div>[vc_column_text]\u2026m&#8217;agradaria canviar de cotxe o moto<br \/>\n\u2026m&#8217;agradaria moblar el dormitori dels meus fills<br \/>\n\u2026m&#8217;agradaria matricular-me en un M\u00e0ster<br \/>\nm&#8217;agradaria\u2026[\/vc_column_text][\/vc_column][\/vc_row][vc_row content_placement=&#8221;middle&#8221; gap=&#8221;35&#8243;][vc_column width=&#8221;1\/2&#8243;]<figure class=\"vcex-image vcex-module\"><div class=\"vcex-image-inner wpex-relative wpex-inline-block\"><img width=\"1200\" height=\"595\" src=\"https:\/\/akteon.es\/wp-content\/uploads\/2024\/07\/entrevista-personal-akteon.jpg\" class=\"vcex-image-img wpex-align-middle\" alt=\"\" loading=\"lazy\" decoding=\"async\" srcset=\"https:\/\/akteon.es\/wp-content\/uploads\/2024\/07\/entrevista-personal-akteon.jpg 1200w, https:\/\/akteon.es\/wp-content\/uploads\/2024\/07\/entrevista-personal-akteon-300x149.jpg 300w, https:\/\/akteon.es\/wp-content\/uploads\/2024\/07\/entrevista-personal-akteon-1024x508.jpg 1024w, https:\/\/akteon.es\/wp-content\/uploads\/2024\/07\/entrevista-personal-akteon-768x381.jpg 768w\" sizes=\"auto, (max-width: 1200px) 100vw, 1200px\" \/><\/div><\/figure>[\/vc_column][vc_column width=&#8221;1\/2&#8243; css=&#8221;.vc_custom_1718355525356{padding-right: 5% !important;}&#8221;][vc_column_text font_size=&#8221;50px&#8221; font_family=&#8221;Spectral&#8221; font_weight=&#8221;bold&#8221;]Pr\u00e9stecs personals[\/vc_column_text]<div class=\"vcex-spacing wpex-w-100 wpex-clear\" style=\"height:30px;\"><\/div>[vc_column_text font_size=&#8221;18px&#8221;]Et podem ajudar, aconseguint per a tu les millors condicions[\/vc_column_text]<div class=\"vcex-spacing wpex-w-100 wpex-clear\" style=\"height:30px;\"><\/div><a href=\"\/ca\/contacte\/\" class=\"vcex-button theme-button inline\"><span class=\"vcex-button-inner theme-button-inner wpex-flex wpex-flex-wrap wpex-items-center wpex-justify-center\">Demanar informaci\u00f3<\/span><\/a> [\/vc_column][\/vc_row][vc_row css=&#8221;.vc_custom_1718355142748{padding-top: 5% !important;padding-bottom: 5% !important;}&#8221;][vc_column width=&#8221;1\/4&#8243;][\/vc_column][vc_column width=&#8221;1\/2&#8243;][vc_column_text]\n<h2 style=\"text-align: center;\">Ets <span style=\"color: #1eb4f2;\">aut\u00f2nom<\/span> o <span style=\"color: #1eb4f2;\">pime<\/span> i necessites liquiditat?<\/h2>\n[\/vc_column_text]<div class=\"vcex-icon vcex-module vcex-icon-normal wpex-text-center\"><div class=\"vcex-icon-wrap wpex-inline-flex wpex-items-center wpex-justify-center wpex-leading-none\"><span class=\"wpex-icon\" aria-hidden=\"true\"><svg xmlns=\"http:\/\/www.w3.org\/2000\/svg\" viewBox=\"0 0 448 512\"><path d=\"M201.4 342.6c12.5 12.5 32.8 12.5 45.3 0l160-160c12.5-12.5 12.5-32.8 0-45.3s-32.8-12.5-45.3 0L224 274.7 86.6 137.4c-12.5-12.5-32.8-12.5-45.3 0s-12.5 32.8 0 45.3l160 160z\"\/><\/svg><\/span><\/div><\/div>[\/vc_column][vc_column width=&#8221;1\/4&#8243;][\/vc_column][\/vc_row][vc_row content_placement=&#8221;middle&#8221; gap=&#8221;35&#8243;][vc_column width=&#8221;1\/2&#8243;]<figure class=\"vcex-image vcex-module\"><div class=\"vcex-image-inner wpex-relative wpex-inline-block\"><img width=\"1200\" height=\"595\" src=\"https:\/\/akteon.es\/wp-content\/uploads\/2024\/07\/propuesta-financiacion-akteon.jpg\" class=\"vcex-image-img wpex-align-middle\" alt=\"\" loading=\"lazy\" decoding=\"async\" srcset=\"https:\/\/akteon.es\/wp-content\/uploads\/2024\/07\/propuesta-financiacion-akteon.jpg 1200w, https:\/\/akteon.es\/wp-content\/uploads\/2024\/07\/propuesta-financiacion-akteon-300x149.jpg 300w, https:\/\/akteon.es\/wp-content\/uploads\/2024\/07\/propuesta-financiacion-akteon-1024x508.jpg 1024w, https:\/\/akteon.es\/wp-content\/uploads\/2024\/07\/propuesta-financiacion-akteon-768x381.jpg 768w\" sizes=\"auto, (max-width: 1200px) 100vw, 1200px\" \/><\/div><\/figure>[\/vc_column][vc_column width=&#8221;1\/2&#8243; css=&#8221;.vc_custom_1718355531240{padding-right: 5% !important;}&#8221;][vc_column_text font_size=&#8221;50px&#8221; font_family=&#8221;Spectral&#8221; font_weight=&#8221;bold&#8221;]P\u00f2lisses de cr\u00e8dit[\/vc_column_text]<div class=\"vcex-spacing wpex-w-100 wpex-clear\" style=\"height:30px;\"><\/div>[vc_column_text font_size=&#8221;18px&#8221; color=&#8221;#1eb4f2&#8243;]<strong>sense estar pendent de cobraments i pagaments<\/strong>[\/vc_column_text]<div class=\"vcex-spacing wpex-w-100 wpex-clear\" style=\"height:60px;\"><\/div>[vc_column_text font_size=&#8221;18px&#8221;]Les millors condicions perqu\u00e8 puguis disposar de tresoreria[\/vc_column_text]<div class=\"vcex-spacing wpex-w-100 wpex-clear\" style=\"height:30px;\"><\/div><a href=\"\/ca\/contacte\/\" class=\"vcex-button theme-button inline\"><span class=\"vcex-button-inner theme-button-inner wpex-flex wpex-flex-wrap wpex-items-center wpex-justify-center\">Demanar informaci\u00f3<\/span><\/a> [\/vc_column][\/vc_row][vc_row full_width=&#8221;stretch_row&#8221; disable_element=&#8221;yes&#8221; remove_bottom_col_margin=&#8221;true&#8221; css=&#8221;.vc_custom_1721228354333{margin-top: 2% !important;margin-bottom: 5% !important;padding-top: 8% !important;padding-bottom: 8% !important;background: #f7f7f7 url(https:\/\/akteon.es\/wp-content\/uploads\/2024\/05\/bg-akteon-house.jpg?id=212) !important;background-position: center !important;background-repeat: no-repeat !important;background-size: cover !important;}&#8221;][vc_column width=&#8221;1\/6&#8243;][\/vc_column][vc_column width=&#8221;2\/3&#8243;][vc_column_text]\n<h2 style=\"text-align: center;\">I am text block. Click edit button to change this text.<\/h2>\n<p style=\"text-align: center;\">Lorem ipsum dolor sit amet, consectetur adipiscing elit. Ut elit tellus, luctus nec ullamcorper mattis, pulvinar dapibus llegeixo.<\/p>\n[\/vc_column_text]<div class=\"vcex-spacing wpex-w-100 wpex-clear\" style=\"height:20px;\"><\/div><div class=\"theme-button-wrap textcenter wpex-clr\"><a href=\"#\" class=\"vcex-button theme-button align-center inline\"><span class=\"vcex-button-inner theme-button-inner wpex-flex wpex-flex-wrap wpex-items-center wpex-justify-center\">Demanar informaci\u00f3<span class=\"vcex-button-icon vcex-icon-wrap theme-button-icon-right\"><span class=\"wpex-icon wpex-icon--bidi\" aria-hidden=\"true\"><svg xmlns=\"http:\/\/www.w3.org\/2000\/svg\" viewBox=\"0 0 320 512\"><path d=\"M278.6 233.4c12.5 12.5 12.5 32.8 0 45.3l-160 160c-12.5 12.5-32.8 12.5-45.3 0s-12.5-32.8 0-45.3L210.7 256 73.4 118.6c-12.5-12.5-12.5-32.8 0-45.3s32.8-12.5 45.3 0l160 160z\"\/><\/svg><\/span><\/span><\/span><\/a><\/div> [\/vc_column][vc_column width=&#8221;1\/6&#8243;][\/vc_column][\/vc_row][vc_row][vc_column]<div class=\"templatera_shortcode\"><div class=\"vc_row wpb_row vc_row-fluid wpex-relative\"><div class=\"wpb_column vc_column_container vc_col-sm-12\"><div class=\"vc_column-inner\"><div class=\"wpb_wrapper\">\n\t<div class=\"wpb_text_column wpb_content_element\" >\n\t\t<div class=\"wpb_wrapper\">\n\t\t\t<h3>Els nostres serveis<\/h3>\n\n\t\t<\/div>\n\t<\/div>\n<\/div><\/div><\/div><\/div><div class=\"vc_row wpb_row vc_row-fluid wpex-relative wpex-vc-has-custom-column-spacing wpex-vc-column-spacing-10\"><div class=\"wpb_column vc_column_container vc_col-sm-3\"><div class=\"vc_column-inner\"><div class=\"wpb_wrapper\"><style>.vcex-image-banner.vcex_69df3bfb08b5b .vcex-ib-content-wrap{padding:20px;}.vcex-image-banner.vcex_69df3bfb08b5b .vcex-ib-overlay-bg{opacity:0.4;}.vcex-image-banner.vcex_69df3bfb08b5b .vcex-ib-title{padding-block-end:5px;font-size:28px;}.vcex-image-banner.vcex_69df3bfb08b5b .vcex-ib-caption{padding-block-end:120px;font-size:13px;}<\/style><a class=\"vcex-module vcex-image-banner vcex-image-banner-has-link wpex-no-underline wpex-flex wpex-flex-col wpex-w-100 wpex-justify-center wpex-relative wpex-overflow-hidden wpex-bg-gray-900 wpex-text-white wpex-hover-text-white wpex-text-left wpex-rounded vcex-h-zoom wpex-isolate vcex-has-button vcex_69df3bfb08b5b\" href=\"https:\/\/akteon.es\/ca\/hipoteques\/\"><span class=\"vcex-ib-img wpex-block wpex-transition-all wpex-duration-500 wpex-bg-cover wpex-absolute wpex-inset-0\" style=\"background-image:url(https:\/\/akteon.es\/wp-content\/uploads\/2024\/07\/refinanciacion-hipotecas.jpg);\"><\/span><div class=\"vcex-ib-overlay wpex-absolute wpex-inset-0 wpex-transition-all wpex-duration-500\"><div class=\"vcex-ib-overlay-bg wpex-absolute wpex-inset-0 wpex-bg-black wpex-opacity-30\"><\/div><\/div><div class=\"vcex-ib-content-wrap wpex-w-100 wpex-transition-all wpex-duration-500 wpex-py-100 wpex-px-40 wpex-relative\"><div class=\"vcex-ib-content wpex-mr-auto\"><div class=\"vcex-ib-title wpex-heading wpex-inherit-color-important\">Hipoteques<\/div><div class=\"vcex-ib-caption wpex-text-lg wpex-last-mb-0\">T'acompanyem durant tot el proc\u00e9s de la teva hipoteca<\/div><div class=\"vcex-ib-button\"><span class=\"vcex-ib-button-inner theme-txt-link\">M\u00e9s informaci\u00f3<\/span><\/div><\/div><\/div><\/a><\/div><\/div><\/div><div class=\"wpb_column vc_column_container vc_col-sm-3\"><div class=\"vc_column-inner\"><div class=\"wpb_wrapper\"><style>.vcex-image-banner.vcex_69df3bfb0c1d8 .vcex-ib-content-wrap{padding:20px;}.vcex-image-banner.vcex_69df3bfb0c1d8 .vcex-ib-overlay-bg{opacity:0.4;}.vcex-image-banner.vcex_69df3bfb0c1d8 .vcex-ib-title{padding-block-end:5px;font-size:28px;}.vcex-image-banner.vcex_69df3bfb0c1d8 .vcex-ib-caption{padding-block-end:120px;font-size:13px;}<\/style><a class=\"vcex-module vcex-image-banner vcex-image-banner-has-link wpex-no-underline wpex-flex wpex-flex-col wpex-w-100 wpex-justify-center wpex-relative wpex-overflow-hidden wpex-bg-gray-900 wpex-text-white wpex-hover-text-white wpex-text-left wpex-rounded vcex-h-zoom wpex-isolate vcex-has-button vcex_69df3bfb0c1d8\" href=\"https:\/\/akteon.es\/ca\/assegurances\/\"><span class=\"vcex-ib-img wpex-block wpex-transition-all wpex-duration-500 wpex-bg-cover wpex-absolute wpex-inset-0\" style=\"background-image:url(https:\/\/akteon.es\/wp-content\/uploads\/2024\/05\/gestor-personal-akteon.jpg);\"><\/span><div class=\"vcex-ib-overlay wpex-absolute wpex-inset-0 wpex-transition-all wpex-duration-500\"><div class=\"vcex-ib-overlay-bg wpex-absolute wpex-inset-0 wpex-bg-black wpex-opacity-30\"><\/div><\/div><div class=\"vcex-ib-content-wrap wpex-w-100 wpex-transition-all wpex-duration-500 wpex-py-100 wpex-px-40 wpex-relative\"><div class=\"vcex-ib-content wpex-mr-auto\"><div class=\"vcex-ib-title wpex-heading wpex-inherit-color-important\">Assegurances<\/div><div class=\"vcex-ib-caption wpex-text-lg wpex-last-mb-0\">Les millors cobertures adaptant-nos sempre a les teves necessitats<\/div><div class=\"vcex-ib-button\"><span class=\"vcex-ib-button-inner theme-txt-link\">M\u00e9s informaci\u00f3<\/span><\/div><\/div><\/div><\/a><\/div><\/div><\/div><div class=\"wpb_column vc_column_container vc_col-sm-3\"><div class=\"vc_column-inner\"><div class=\"wpb_wrapper\"><style>.vcex-image-banner.vcex_69df3bfb0edee .vcex-ib-content-wrap{padding:20px;}.vcex-image-banner.vcex_69df3bfb0edee .vcex-ib-overlay-bg{opacity:0.4;}.vcex-image-banner.vcex_69df3bfb0edee .vcex-ib-title{padding-block-end:5px;font-size:28px;}.vcex-image-banner.vcex_69df3bfb0edee .vcex-ib-caption{padding-block-end:120px;font-size:13px;}<\/style><a class=\"vcex-module vcex-image-banner vcex-image-banner-has-link wpex-no-underline wpex-flex wpex-flex-col wpex-w-100 wpex-justify-center wpex-relative wpex-overflow-hidden wpex-bg-gray-900 wpex-text-white wpex-hover-text-white wpex-text-left wpex-rounded vcex-h-zoom wpex-isolate vcex-has-button vcex_69df3bfb0edee\" href=\"https:\/\/akteon.es\/ca\/prestecs\/\" title=\"Pr\u00e9stecs\"><span class=\"vcex-ib-img wpex-block wpex-transition-all wpex-duration-500 wpex-bg-cover wpex-absolute wpex-inset-0\" style=\"background-image:url(https:\/\/akteon.es\/wp-content\/uploads\/2024\/07\/servicios-juridicos-akteon.jpg);\"><\/span><div class=\"vcex-ib-overlay wpex-absolute wpex-inset-0 wpex-transition-all wpex-duration-500\"><div class=\"vcex-ib-overlay-bg wpex-absolute wpex-inset-0 wpex-bg-black wpex-opacity-30\"><\/div><\/div><div class=\"vcex-ib-content-wrap wpex-w-100 wpex-transition-all wpex-duration-500 wpex-py-100 wpex-px-40 wpex-relative\"><div class=\"vcex-ib-content wpex-mr-auto\"><div class=\"vcex-ib-title wpex-heading wpex-inherit-color-important\">Pr\u00e9stecs<\/div><div class=\"vcex-ib-caption wpex-text-lg wpex-last-mb-0\">Senzills i sense avals per al que necessitis<\/div><div class=\"vcex-ib-button\"><span class=\"vcex-ib-button-inner theme-txt-link\">M\u00e9s informaci\u00f3<\/span><\/div><\/div><\/div><\/a><\/div><\/div><\/div><div class=\"wpb_column vc_column_container vc_col-sm-3\"><div class=\"vc_column-inner\"><div class=\"wpb_wrapper\"><style>.vcex-image-banner.vcex_69df3bfb114c1 .vcex-ib-content-wrap{padding:20px;}.vcex-image-banner.vcex_69df3bfb114c1 .vcex-ib-overlay-bg{opacity:0.4;}.vcex-image-banner.vcex_69df3bfb114c1 .vcex-ib-title{padding-block-end:5px;font-size:28px;}.vcex-image-banner.vcex_69df3bfb114c1 .vcex-ib-caption{padding-block-end:120px;font-size:13px;}<\/style><a class=\"vcex-module vcex-image-banner vcex-image-banner-has-link wpex-no-underline wpex-flex wpex-flex-col wpex-w-100 wpex-justify-center wpex-relative wpex-overflow-hidden wpex-bg-gray-900 wpex-text-white wpex-hover-text-white wpex-text-left wpex-rounded vcex-h-zoom wpex-isolate vcex-has-button vcex_69df3bfb114c1\" href=\"https:\/\/akteon.es\/ca\/serveis-juridics\/\" title=\"Pr\u00e9stecs\"><span class=\"vcex-ib-img wpex-block wpex-transition-all wpex-duration-500 wpex-bg-cover wpex-absolute wpex-inset-0\" style=\"background-image:url(https:\/\/akteon.es\/wp-content\/uploads\/2024\/07\/asistencia-firma-akteon.jpg);\"><\/span><div class=\"vcex-ib-overlay wpex-absolute wpex-inset-0 wpex-transition-all wpex-duration-500\"><div class=\"vcex-ib-overlay-bg wpex-absolute wpex-inset-0 wpex-bg-black wpex-opacity-30\"><\/div><\/div><div class=\"vcex-ib-content-wrap wpex-w-100 wpex-transition-all wpex-duration-500 wpex-py-100 wpex-px-40 wpex-relative\"><div class=\"vcex-ib-content wpex-mr-auto\"><div class=\"vcex-ib-title wpex-heading wpex-inherit-color-important\">Serveis jur\u00eddics<\/div><div class=\"vcex-ib-caption wpex-text-lg wpex-last-mb-0\">Especialistes en dret immobiliari i financer<\/div><div class=\"vcex-ib-button\"><span class=\"vcex-ib-button-inner theme-txt-link\">M\u00e9s informaci\u00f3<\/span><\/div><\/div><\/div><\/a><\/div><\/div><\/div><\/div><\/div>[\/vc_column][\/vc_row]\n<\/div>","protected":false},"excerpt":{"rendered":"Pr\u00e9stecs senzills i sense avals per al que necessitis Tens petits objectius a curt termini? \u2026m'agradaria canviar de cotxe o moto \u2026m'agradaria moblar el dormitori dels meus fills \u2026m'agradaria matricular-me en un M\u00e0ster m'agradaria\u2026 Pr\u00e9stecs personals Et podem ajudar, aconseguint per a tu les millors condicions Demanar informaci\u00f3 Ets aut\u00f2nom o pime i necessites liquiditat?&hellip;","protected":false},"author":1,"featured_media":0,"parent":0,"menu_order":0,"comment_status":"closed","ping_status":"closed","template":"","meta":{"_joinchat":[],"footnotes":""},"class_list":["post-647","page","type-page","status-publish","hentry","entry","no-media"],"yoast_head":"<!-- This site is optimized with the Yoast SEO plugin v27.1.1 - https:\/\/yoast.com\/product\/yoast-seo-wordpress\/ -->\n<title>Pr\u00e9stecs - \u00c0kteon<\/title>\n<meta name=\"robots\" content=\"index, follow, max-snippet:-1, max-image-preview:large, max-video-preview:-1\" \/>\n<link rel=\"canonical\" href=\"https:\/\/akteon.es\/ca\/prestecs\/\" \/>\n<meta property=\"og:locale\" content=\"ca_ES\" \/>\n<meta property=\"og:type\" content=\"article\" \/>\n<meta property=\"og:title\" content=\"Pr\u00e9stecs - \u00c0kteon\" \/>\n<meta property=\"og:url\" content=\"https:\/\/akteon.es\/ca\/prestecs\/\" \/>\n<meta property=\"og:site_name\" content=\"\u00c0kteon\" \/>\n<meta property=\"article:modified_time\" content=\"2024-08-01T08:39:27+00:00\" \/>\n<meta name=\"twitter:card\" content=\"summary_large_image\" \/>\n<meta name=\"twitter:label1\" content=\"Temps estimat de lectura\" \/>\n\t<meta name=\"twitter:data1\" content=\"2 minuts\" \/>\n<script type=\"application\/ld+json\" class=\"yoast-schema-graph\">{\"@context\":\"https:\/\/schema.org\",\"@graph\":[{\"@type\":\"WebPage\",\"@id\":\"https:\/\/akteon.es\/ca\/prestecs\/\",\"url\":\"https:\/\/akteon.es\/ca\/prestecs\/\",\"name\":\"Pr\u00e9stecs - \u00c0kteon\",\"isPartOf\":{\"@id\":\"https:\/\/akteon.es\/#website\"},\"datePublished\":\"2024-06-04T11:35:52+00:00\",\"dateModified\":\"2024-08-01T08:39:27+00:00\",\"breadcrumb\":{\"@id\":\"https:\/\/akteon.es\/ca\/prestecs\/#breadcrumb\"},\"inLanguage\":\"ca\",\"potentialAction\":[{\"@type\":\"ReadAction\",\"target\":[\"https:\/\/akteon.es\/ca\/prestecs\/\"]}]},{\"@type\":\"BreadcrumbList\",\"@id\":\"https:\/\/akteon.es\/ca\/prestecs\/#breadcrumb\",\"itemListElement\":[{\"@type\":\"ListItem\",\"position\":1,\"name\":\"Home\",\"item\":\"https:\/\/akteon.es\/ca\/\"},{\"@type\":\"ListItem\",\"position\":2,\"name\":\"Pr\u00e9stecs\"}]},{\"@type\":\"WebSite\",\"@id\":\"https:\/\/akteon.es\/#website\",\"url\":\"https:\/\/akteon.es\/\",\"name\":\"\u00c0kteon\",\"description\":\"Especialistes en hipoteques\",\"publisher\":{\"@id\":\"https:\/\/akteon.es\/#organization\"},\"potentialAction\":[{\"@type\":\"SearchAction\",\"target\":{\"@type\":\"EntryPoint\",\"urlTemplate\":\"https:\/\/akteon.es\/?s={search_term_string}\"},\"query-input\":{\"@type\":\"PropertyValueSpecification\",\"valueRequired\":true,\"valueName\":\"search_term_string\"}}],\"inLanguage\":\"ca\"},{\"@type\":\"Organization\",\"@id\":\"https:\/\/akteon.es\/#organization\",\"name\":\"\u00c0kteon\",\"url\":\"https:\/\/akteon.es\/\",\"logo\":{\"@type\":\"ImageObject\",\"inLanguage\":\"ca\",\"@id\":\"https:\/\/akteon.es\/#\/schema\/logo\/image\/\",\"url\":\"https:\/\/akteon.es\/wp-content\/uploads\/2026\/03\/Akteon_normal.svg\",\"contentUrl\":\"https:\/\/akteon.es\/wp-content\/uploads\/2026\/03\/Akteon_normal.svg\",\"caption\":\"\u00c0kteon\"},\"image\":{\"@id\":\"https:\/\/akteon.es\/#\/schema\/logo\/image\/\"}}]}<\/script>\n<!-- \/ Yoast SEO plugin. -->","yoast_head_json":{"title":"Pr\u00e9stecs - \u00c0kteon","robots":{"index":"index","follow":"follow","max-snippet":"max-snippet:-1","max-image-preview":"max-image-preview:large","max-video-preview":"max-video-preview:-1"},"canonical":"https:\/\/akteon.es\/ca\/prestecs\/","og_locale":"ca_ES","og_type":"article","og_title":"Pr\u00e9stecs - \u00c0kteon","og_url":"https:\/\/akteon.es\/ca\/prestecs\/","og_site_name":"\u00c0kteon","article_modified_time":"2024-08-01T08:39:27+00:00","twitter_card":"summary_large_image","twitter_misc":{"Temps estimat de lectura":"2 minuts"},"schema":{"@context":"https:\/\/schema.org","@graph":[{"@type":"WebPage","@id":"https:\/\/akteon.es\/ca\/prestecs\/","url":"https:\/\/akteon.es\/ca\/prestecs\/","name":"Pr\u00e9stecs - \u00c0kteon","isPartOf":{"@id":"https:\/\/akteon.es\/#website"},"datePublished":"2024-06-04T11:35:52+00:00","dateModified":"2024-08-01T08:39:27+00:00","breadcrumb":{"@id":"https:\/\/akteon.es\/ca\/prestecs\/#breadcrumb"},"inLanguage":"ca","potentialAction":[{"@type":"ReadAction","target":["https:\/\/akteon.es\/ca\/prestecs\/"]}]},{"@type":"BreadcrumbList","@id":"https:\/\/akteon.es\/ca\/prestecs\/#breadcrumb","itemListElement":[{"@type":"ListItem","position":1,"name":"Home","item":"https:\/\/akteon.es\/ca\/"},{"@type":"ListItem","position":2,"name":"Pr\u00e9stecs"}]},{"@type":"WebSite","@id":"https:\/\/akteon.es\/#website","url":"https:\/\/akteon.es\/","name":"\u00c0kteon","description":"Especialistes en hipoteques","publisher":{"@id":"https:\/\/akteon.es\/#organization"},"potentialAction":[{"@type":"SearchAction","target":{"@type":"EntryPoint","urlTemplate":"https:\/\/akteon.es\/?s={search_term_string}"},"query-input":{"@type":"PropertyValueSpecification","valueRequired":true,"valueName":"search_term_string"}}],"inLanguage":"ca"},{"@type":"Organization","@id":"https:\/\/akteon.es\/#organization","name":"\u00c0kteon","url":"https:\/\/akteon.es\/","logo":{"@type":"ImageObject","inLanguage":"ca","@id":"https:\/\/akteon.es\/#\/schema\/logo\/image\/","url":"https:\/\/akteon.es\/wp-content\/uploads\/2026\/03\/Akteon_normal.svg","contentUrl":"https:\/\/akteon.es\/wp-content\/uploads\/2026\/03\/Akteon_normal.svg","caption":"\u00c0kteon"},"image":{"@id":"https:\/\/akteon.es\/#\/schema\/logo\/image\/"}}]}},"_links":{"self":[{"href":"https:\/\/akteon.es\/ca\/wp-json\/wp\/v2\/pages\/647","targetHints":{"allow":["GET"]}}],"collection":[{"href":"https:\/\/akteon.es\/ca\/wp-json\/wp\/v2\/pages"}],"about":[{"href":"https:\/\/akteon.es\/ca\/wp-json\/wp\/v2\/types\/page"}],"author":[{"embeddable":true,"href":"https:\/\/akteon.es\/ca\/wp-json\/wp\/v2\/users\/1"}],"replies":[{"embeddable":true,"href":"https:\/\/akteon.es\/ca\/wp-json\/wp\/v2\/comments?post=647"}],"version-history":[{"count":3,"href":"https:\/\/akteon.es\/ca\/wp-json\/wp\/v2\/pages\/647\/revisions"}],"predecessor-version":[{"id":706,"href":"https:\/\/akteon.es\/ca\/wp-json\/wp\/v2\/pages\/647\/revisions\/706"}],"wp:attachment":[{"href":"https:\/\/akteon.es\/ca\/wp-json\/wp\/v2\/media?parent=647"}],"curies":[{"name":"wp","href":"https:\/\/api.w.org\/{rel}","templated":true}]}}