{"id":658,"date":"2024-05-17T07:22:36","date_gmt":"2024-05-17T07:22:36","guid":{"rendered":"https:\/\/akteon.es\/metode\/"},"modified":"2024-12-23T11:28:05","modified_gmt":"2024-12-23T11:28:05","slug":"metode-aconseguir-millor-hipoteca","status":"publish","type":"page","link":"https:\/\/akteon.es\/ca\/metode-aconseguir-millor-hipoteca\/","title":{"rendered":"M\u00e8tode"},"content":{"rendered":"<div class=\"wpb-content-wrapper\">[vc_row full_width=&#8221;stretch_row&#8221; remove_bottom_col_margin=&#8221;true&#8221; css=&#8221;.vc_custom_1715931826091{padding-top: 5% !important;padding-bottom: 5% !important;background: #f4f4f4 url(https:\/\/akteon.es\/wp-content\/uploads\/2024\/05\/bg-akteon-house.jpg?id=212) !important;background-position: center !important;background-repeat: no-repeat !important;background-size: cover !important;}&#8221; wpex_bg_position=&#8221;center center&#8221;][vc_column width=&#8221;1\/4&#8243;][\/vc_column][vc_column width=&#8221;1\/2&#8243;][vc_column_text css=&#8221;&#8221;]\n<h1 style=\"text-align: center;\">El nostre m\u00e8tode per aconseguir la millor hipoteca<\/h1>\n[\/vc_column_text]<div class=\"vcex-spacing wpex-w-100 wpex-clear\" style=\"height:10px;\"><\/div>[vc_column_text css=&#8221;&#8221;]\n<p style=\"text-align: center;\">Aconseguir la millor hipoteca del mercat \u00e9s una tasca per especialistes en hipoteques. A \u00c0kteon busquem el finan\u00e7ament que millor s&#8217;adapta a les teves necessitats.<\/p>\n[\/vc_column_text]<div class=\"vcex-spacing wpex-w-100 wpex-clear\" style=\"height:10px;\"><\/div><style>.vcex-icon.vcex_69f24f9d4c889 .vcex-icon-wrap{color:#1eb4f2;}<\/style><div class=\"vcex-icon vcex-module vcex-icon-normal wpex-text-center vcex_69f24f9d4c889\"><div class=\"vcex-icon-wrap wpex-inline-flex wpex-items-center wpex-justify-center wpex-leading-none\"><span class=\"wpex-icon\" aria-hidden=\"true\"><svg xmlns=\"http:\/\/www.w3.org\/2000\/svg\" viewBox=\"0 0 448 512\"><path d=\"M201.4 342.6c12.5 12.5 32.8 12.5 45.3 0l160-160c12.5-12.5 12.5-32.8 0-45.3s-32.8-12.5-45.3 0L224 274.7 86.6 137.4c-12.5-12.5-32.8-12.5-45.3 0s-12.5 32.8 0 45.3l160 160z\"\/><\/svg><\/span><\/div><\/div>[\/vc_column][vc_column width=&#8221;1\/4&#8243;][\/vc_column][\/vc_row][vc_row full_width=&#8221;stretch_row_content_no_spaces&#8221;][vc_column]<div class=\"vcex-module vcex-divider vcex-divider-solid vcex-divider-left wpex-mr-auto wpex-max-w-100 wpex-block wpex-h-0 wpex-border-b wpex-border-solid wpex-border-main\" style=\"width:200px;border-bottom-width:10px;border-color:#1eb4f2;\"><\/div>[\/vc_column][\/vc_row][vc_row content_placement=&#8221;middle&#8221; gap=&#8221;35&#8243;][vc_column width=&#8221;1\/2&#8243;][vc_column_text]\n<h3><span style=\"color: #1eb4f2;\">01<\/span><\/h3>\n<h2>Gestor Personal<\/h2>\n<p>Un agent <strong>\u00c0KTEON<\/strong> us acompanyar\u00e0 durant tot el proc\u00e9s de tramitaci\u00f3 de la vostra hipoteca, us mantindr\u00e0 informat de forma cont\u00ednua i amb total disponibilitat, per resoldre qualsevol dubte que pugui anar sorgint. Tots els agents <strong>\u00c0KTEON<\/strong> disposen de la cerftificaci\u00f3 requerida pel <strong>BANC D&#8217;ESPANYA per poder exercir com a INFORMADOR DE CR\u00c8DIT IMMOBILIARI.<\/strong>[\/vc_column_text]<div class=\"vcex-spacing wpex-w-100 wpex-clear\" style=\"height:20px;\"><\/div><a href=\"\/ca\/contacto\/\" class=\"vcex-button theme-txt-link wpex-inline-block inline\"><span class=\"vcex-button-inner theme-button-inner wpex-flex wpex-flex-wrap wpex-items-center wpex-justify-center\">Demanar informaci\u00f3<span class=\"vcex-button-icon vcex-icon-wrap theme-button-icon-right\"><span class=\"wpex-icon wpex-icon--bidi\" aria-hidden=\"true\"><svg xmlns=\"http:\/\/www.w3.org\/2000\/svg\" viewBox=\"0 0 320 512\"><path d=\"M278.6 233.4c12.5 12.5 12.5 32.8 0 45.3l-160 160c-12.5 12.5-32.8 12.5-45.3 0s-12.5-32.8 0-45.3L210.7 256 73.4 118.6c-12.5-12.5-12.5-32.8 0-45.3s32.8-12.5 45.3 0l160 160z\"\/><\/svg><\/span><\/span><\/span><\/a> [\/vc_column][vc_column width=&#8221;1\/2&#8243;][vc_single_image image=&#8221;506&#8243;][\/vc_column][\/vc_row][vc_row full_width=&#8221;stretch_row_content_no_spaces&#8221;][vc_column]<div class=\"vcex-module vcex-divider vcex-divider-solid vcex-divider-center wpex-mx-auto wpex-block wpex-h-0 wpex-border-b wpex-border-solid wpex-border-main\"><\/div>[\/vc_column][\/vc_row][vc_row content_placement=&#8221;middle&#8221; gap=&#8221;35&#8243; columns_right=&#8221;yes&#8221;][vc_column width=&#8221;1\/2&#8243;][vc_column_text]\n<h3><span style=\"color: #1eb4f2;\">02<\/span><\/h3>\n<h2>Entrevista Personal<\/h2>\n<p>A <strong>\u00c0KTEON<\/strong> , la relaci\u00f3 amb els nostres clients s&#8217;inicia amb una entrevista personal, on posem en com\u00fa les teves prefer\u00e8ncies i les possibles solucions. La decisi\u00f3 m\u00e9s important de la teva vida, a nivell patrimonial, cal iniciar-la des de la seguretat. La confian\u00e7a en el professional, que t&#8217;acompanyar\u00e0 en el proc\u00e9s, \u00e9s clau perqu\u00e8 el resultat sigui exit\u00f3s.[\/vc_column_text]<div class=\"vcex-spacing wpex-w-100 wpex-clear\" style=\"height:20px;\"><\/div><a href=\"\/ca\/contacto\/\" class=\"vcex-button theme-txt-link wpex-inline-block inline\"><span class=\"vcex-button-inner theme-button-inner wpex-flex wpex-flex-wrap wpex-items-center wpex-justify-center\">Demanar informaci\u00f3<span class=\"vcex-button-icon vcex-icon-wrap theme-button-icon-right\"><span class=\"wpex-icon wpex-icon--bidi\" aria-hidden=\"true\"><svg xmlns=\"http:\/\/www.w3.org\/2000\/svg\" viewBox=\"0 0 320 512\"><path d=\"M278.6 233.4c12.5 12.5 12.5 32.8 0 45.3l-160 160c-12.5 12.5-32.8 12.5-45.3 0s-12.5-32.8 0-45.3L210.7 256 73.4 118.6c-12.5-12.5-12.5-32.8 0-45.3s32.8-12.5 45.3 0l160 160z\"\/><\/svg><\/span><\/span><\/span><\/a> [\/vc_column][vc_column width=&#8221;1\/2&#8243;][vc_single_image image=&#8221;508&#8243;][\/vc_column][\/vc_row][vc_row full_width=&#8221;stretch_row_content_no_spaces&#8221;][vc_column]<div class=\"vcex-module vcex-divider vcex-divider-solid vcex-divider-center wpex-mx-auto wpex-block wpex-h-0 wpex-border-b wpex-border-solid wpex-border-main\"><\/div>[\/vc_column][\/vc_row][vc_row content_placement=&#8221;middle&#8221; gap=&#8221;35&#8243;][vc_column width=&#8221;1\/2&#8243;][vc_column_text]\n<h3><span style=\"color: #1eb4f2;\">03<\/span><\/h3>\n<h2>An\u00e0lisi de Viabilitat i prefer\u00e8ncies del Client<\/h2>\n<p>El nostre equip d&#8217;analistes preparar\u00e0 l&#8217;expedient i el tramitar\u00e0 tenint en compte les prefer\u00e8ncies del client i la viabilitat de l&#8217;operaci\u00f3. Comptem amb els criteris de risc de les diferents entitats.[\/vc_column_text]<div class=\"vcex-spacing wpex-w-100 wpex-clear\" style=\"height:20px;\"><\/div><a href=\"\/ca\/contacto\/\" class=\"vcex-button theme-txt-link wpex-inline-block inline\"><span class=\"vcex-button-inner theme-button-inner wpex-flex wpex-flex-wrap wpex-items-center wpex-justify-center\">Demanar informaci\u00f3<span class=\"vcex-button-icon vcex-icon-wrap theme-button-icon-right\"><span class=\"wpex-icon wpex-icon--bidi\" aria-hidden=\"true\"><svg xmlns=\"http:\/\/www.w3.org\/2000\/svg\" viewBox=\"0 0 320 512\"><path d=\"M278.6 233.4c12.5 12.5 12.5 32.8 0 45.3l-160 160c-12.5 12.5-32.8 12.5-45.3 0s-12.5-32.8 0-45.3L210.7 256 73.4 118.6c-12.5-12.5-12.5-32.8 0-45.3s32.8-12.5 45.3 0l160 160z\"\/><\/svg><\/span><\/span><\/span><\/a> [\/vc_column][vc_column width=&#8221;1\/2&#8243;][vc_single_image image=&#8221;510&#8243;][\/vc_column][\/vc_row][vc_row full_width=&#8221;stretch_row_content_no_spaces&#8221;][vc_column]<div class=\"vcex-module vcex-divider vcex-divider-solid vcex-divider-center wpex-mx-auto wpex-block wpex-h-0 wpex-border-b wpex-border-solid wpex-border-main\"><\/div>[\/vc_column][\/vc_row][vc_row content_placement=&#8221;middle&#8221; gap=&#8221;35&#8243; columns_right=&#8221;yes&#8221;][vc_column width=&#8221;1\/2&#8243;][vc_column_text]\n<h3><span style=\"color: #1eb4f2;\">04<\/span><\/h3>\n<h2>Presentaci\u00f3 de proposta de finan\u00e7ament<\/h2>\n<p>Abans d&#8217;assumir cap comprom\u00eds, et presentem una proposta de finan\u00e7ament amb les condicions i els costos que se&#8217;n derivin. Per a \u00c0KTEON, la transpar\u00e8ncia forma part del nostre fer diari. Deixem a la teva m\u00e0 decidir si som els millors; a la nostra hi ha el fet de ser fiables.[\/vc_column_text]<div class=\"vcex-spacing wpex-w-100 wpex-clear\" style=\"height:20px;\"><\/div><a href=\"\/ca\/contacto\/\" class=\"vcex-button theme-txt-link wpex-inline-block inline\"><span class=\"vcex-button-inner theme-button-inner wpex-flex wpex-flex-wrap wpex-items-center wpex-justify-center\">Demanar informaci\u00f3<span class=\"vcex-button-icon vcex-icon-wrap theme-button-icon-right\"><span class=\"wpex-icon wpex-icon--bidi\" aria-hidden=\"true\"><svg xmlns=\"http:\/\/www.w3.org\/2000\/svg\" viewBox=\"0 0 320 512\"><path d=\"M278.6 233.4c12.5 12.5 12.5 32.8 0 45.3l-160 160c-12.5 12.5-32.8 12.5-45.3 0s-12.5-32.8 0-45.3L210.7 256 73.4 118.6c-12.5-12.5-12.5-32.8 0-45.3s32.8-12.5 45.3 0l160 160z\"\/><\/svg><\/span><\/span><\/span><\/a> [\/vc_column][vc_column width=&#8221;1\/2&#8243;][vc_single_image image=&#8221;583&#8243;][\/vc_column][\/vc_row][vc_row full_width=&#8221;stretch_row_content_no_spaces&#8221;][vc_column]<div class=\"vcex-module vcex-divider vcex-divider-solid vcex-divider-center wpex-mx-auto wpex-block wpex-h-0 wpex-border-b wpex-border-solid wpex-border-main\"><\/div>[\/vc_column][\/vc_row][vc_row content_placement=&#8221;middle&#8221; gap=&#8221;35&#8243;][vc_column width=&#8221;1\/2&#8243;][vc_column_text]\n<h3><span style=\"color: #1eb4f2;\">05<\/span><\/h3>\n<h2>Selecci\u00f3 de l&#8217;entitat financera<\/h2>\n<p>Seleccionem l&#8217;entitat o les entitats que s&#8217;ajustin al plantejament de finan\u00e7ament acceptat per tu. Nom\u00e9s col\u00b7laborem amb entitats de primer nivell i que tinguin la consideraci\u00f3 d&#8217;entitat financera a Banc d&#8217;Espanya.[\/vc_column_text]<div class=\"vcex-spacing wpex-w-100 wpex-clear\" style=\"height:20px;\"><\/div><a href=\"\/ca\/contacto\/\" class=\"vcex-button theme-txt-link wpex-inline-block inline\"><span class=\"vcex-button-inner theme-button-inner wpex-flex wpex-flex-wrap wpex-items-center wpex-justify-center\">Demanar informaci\u00f3<span class=\"vcex-button-icon vcex-icon-wrap theme-button-icon-right\"><span class=\"wpex-icon wpex-icon--bidi\" aria-hidden=\"true\"><svg xmlns=\"http:\/\/www.w3.org\/2000\/svg\" viewBox=\"0 0 320 512\"><path d=\"M278.6 233.4c12.5 12.5 12.5 32.8 0 45.3l-160 160c-12.5 12.5-32.8 12.5-45.3 0s-12.5-32.8 0-45.3L210.7 256 73.4 118.6c-12.5-12.5-12.5-32.8 0-45.3s32.8-12.5 45.3 0l160 160z\"\/><\/svg><\/span><\/span><\/span><\/a> [\/vc_column][vc_column width=&#8221;1\/2&#8243;][vc_single_image image=&#8221;396&#8243;][\/vc_column][\/vc_row][vc_row full_width=&#8221;stretch_row_content_no_spaces&#8221;][vc_column]<div class=\"vcex-module vcex-divider vcex-divider-solid vcex-divider-center wpex-mx-auto wpex-block wpex-h-0 wpex-border-b wpex-border-solid wpex-border-main\"><\/div>[\/vc_column][\/vc_row][vc_row content_placement=&#8221;middle&#8221; gap=&#8221;35&#8243; columns_right=&#8221;yes&#8221;][vc_column width=&#8221;1\/2&#8243;][vc_column_text]\n<h3><span style=\"color: #1eb4f2;\">06<\/span><\/h3>\n<h2>Supervisi\u00f3 del proc\u00e9s de tramitaci\u00f3<\/h2>\n<p>L&#8217;agent \u00c0KTEON supervisar\u00e0 la tramitaci\u00f3 de l&#8217;operaci\u00f3 hipotec\u00e0ria i mantindr\u00e0 un di\u00e0leg fluid amb el banc i, especialment, amb tu. A \u00c0KTEON disposes de mecanismes interns per garantir la qualitat del servei.[\/vc_column_text]<div class=\"vcex-spacing wpex-w-100 wpex-clear\" style=\"height:20px;\"><\/div><a href=\"\/ca\/contacto\/\" class=\"vcex-button theme-txt-link wpex-inline-block inline\"><span class=\"vcex-button-inner theme-button-inner wpex-flex wpex-flex-wrap wpex-items-center wpex-justify-center\">Demanar informaci\u00f3<span class=\"vcex-button-icon vcex-icon-wrap theme-button-icon-right\"><span class=\"wpex-icon wpex-icon--bidi\" aria-hidden=\"true\"><svg xmlns=\"http:\/\/www.w3.org\/2000\/svg\" viewBox=\"0 0 320 512\"><path d=\"M278.6 233.4c12.5 12.5 12.5 32.8 0 45.3l-160 160c-12.5 12.5-32.8 12.5-45.3 0s-12.5-32.8 0-45.3L210.7 256 73.4 118.6c-12.5-12.5-12.5-32.8 0-45.3s32.8-12.5 45.3 0l160 160z\"\/><\/svg><\/span><\/span><\/span><\/a> [\/vc_column][vc_column width=&#8221;1\/2&#8243;][vc_single_image image=&#8221;512&#8243;][\/vc_column][\/vc_row][vc_row full_width=&#8221;stretch_row_content_no_spaces&#8221;][vc_column]<div class=\"vcex-module vcex-divider vcex-divider-solid vcex-divider-center wpex-mx-auto wpex-block wpex-h-0 wpex-border-b wpex-border-solid wpex-border-main\"><\/div>[\/vc_column][\/vc_row][vc_row content_placement=&#8221;middle&#8221; gap=&#8221;35&#8243;][vc_column width=&#8221;1\/2&#8243;][vc_column_text]\n<h3><span style=\"color: #1eb4f2;\">07<\/span><\/h3>\n<h2>Assist\u00e8ncia en signatura<\/h2>\n<p>El dia de la signatura a la notaria ha de ser un dia en qu\u00e8 et trobis amb totes les facilitats possibles. Ens encarreguem de fer la preparaci\u00f3 de l&#8217;escriptura i coordinem els mitjans de pagament. Per acabar, t&#8217;acompanyem fins a la notaria, on et resoldrem qualsevol dubte que et pugui sorgir.[\/vc_column_text]<div class=\"vcex-spacing wpex-w-100 wpex-clear\" style=\"height:20px;\"><\/div><a href=\"\/ca\/contacto\/\" class=\"vcex-button theme-txt-link wpex-inline-block inline\"><span class=\"vcex-button-inner theme-button-inner wpex-flex wpex-flex-wrap wpex-items-center wpex-justify-center\">Demanar informaci\u00f3<span class=\"vcex-button-icon vcex-icon-wrap theme-button-icon-right\"><span class=\"wpex-icon wpex-icon--bidi\" aria-hidden=\"true\"><svg xmlns=\"http:\/\/www.w3.org\/2000\/svg\" viewBox=\"0 0 320 512\"><path d=\"M278.6 233.4c12.5 12.5 12.5 32.8 0 45.3l-160 160c-12.5 12.5-32.8 12.5-45.3 0s-12.5-32.8 0-45.3L210.7 256 73.4 118.6c-12.5-12.5-12.5-32.8 0-45.3s32.8-12.5 45.3 0l160 160z\"\/><\/svg><\/span><\/span><\/span><\/a> [\/vc_column][vc_column width=&#8221;1\/2&#8243;][vc_single_image image=&#8221;394&#8243;][\/vc_column][\/vc_row][vc_row full_width=&#8221;stretch_row_content_no_spaces&#8221;][vc_column]<div class=\"vcex-module vcex-divider vcex-divider-solid vcex-divider-center wpex-mx-auto wpex-block wpex-h-0 wpex-border-b wpex-border-solid wpex-border-main\"><\/div>[\/vc_column][\/vc_row][vc_row content_placement=&#8221;middle&#8221; gap=&#8221;35&#8243; columns_right=&#8221;yes&#8221;][vc_column width=&#8221;1\/2&#8243;][vc_column_text]\n<h3><span style=\"color: #1eb4f2;\">08<\/span><\/h3>\n<h2>Servei Postvenda<\/h2>\n<p>Sempre estem a la teva disposici\u00f3 per resoldre qualsevol dubte o incid\u00e8ncia derivada de la hipoteca, aix\u00ed com per cobrir necessitats que puguin anar sorgint en endavant.[\/vc_column_text]<div class=\"vcex-spacing wpex-w-100 wpex-clear\" style=\"height:20px;\"><\/div><a href=\"\/ca\/contacto\/\" class=\"vcex-button theme-txt-link wpex-inline-block inline\"><span class=\"vcex-button-inner theme-button-inner wpex-flex wpex-flex-wrap wpex-items-center wpex-justify-center\">Demanar informaci\u00f3<span class=\"vcex-button-icon vcex-icon-wrap theme-button-icon-right\"><span class=\"wpex-icon wpex-icon--bidi\" aria-hidden=\"true\"><svg xmlns=\"http:\/\/www.w3.org\/2000\/svg\" viewBox=\"0 0 320 512\"><path d=\"M278.6 233.4c12.5 12.5 12.5 32.8 0 45.3l-160 160c-12.5 12.5-32.8 12.5-45.3 0s-12.5-32.8 0-45.3L210.7 256 73.4 118.6c-12.5-12.5-12.5-32.8 0-45.3s32.8-12.5 45.3 0l160 160z\"\/><\/svg><\/span><\/span><\/span><\/a> [\/vc_column][vc_column width=&#8221;1\/2&#8243;][vc_single_image image=&#8221;393&#8243;][\/vc_column][\/vc_row]\n<\/div>","protected":false},"excerpt":{"rendered":"<p>[vc_row full_width=&#8221;stretch_row&#8221; remove_bottom_col_margin=&#8221;true&#8221; css=&#8221;.vc_custom_1715931826091{padding-top: 5% !important;padding-bottom: 5% !important;background: #f4f4f4 url(https:\/\/akteon.es\/wp-content\/uploads\/2024\/05\/bg-akteon-house.jpg?id=212) !important;background-position: center !important;background-repeat: no-repeat !important;background-size: cover !important;}&#8221; wpex_bg_position=&#8221;center center&#8221;][vc_column width=&#8221;1\/4&#8243;][\/vc_column][vc_column width=&#8221;1\/2&#8243;][vc_column_text css=&#8221;&#8221;] El nostre m\u00e8tode per aconseguir la millor hipoteca [\/vc_column_text][vc_column_text css=&#8221;&#8221;] Aconseguir la millor hipoteca del mercat \u00e9s una tasca per especialistes en hipoteques. A \u00c0kteon busquem el finan\u00e7ament que millor s&#8217;adapta a les&hellip;<\/p>\n","protected":false},"author":1,"featured_media":0,"parent":0,"menu_order":0,"comment_status":"closed","ping_status":"closed","template":"","meta":{"_joinchat":[],"footnotes":""},"class_list":["post-658","page","type-page","status-publish","hentry","entry","no-media"],"yoast_head":"<!-- This site is optimized with the Yoast SEO plugin v27.1.1 - https:\/\/yoast.com\/product\/yoast-seo-wordpress\/ -->\n<title>M\u00e8tode - \u00c0kteon<\/title>\n<meta name=\"description\" content=\"Descobreix el m\u00e8tode que \u00c0kteon utiliza per aconseguir la millor hipoteca del mercat. Busquem el finan\u00e7ament que m\u00e9s s&#039;ajusta a tu. Contacta!\" \/>\n<meta name=\"robots\" content=\"index, follow, max-snippet:-1, max-image-preview:large, max-video-preview:-1\" \/>\n<link rel=\"canonical\" href=\"https:\/\/akteon.es\/ca\/metode-aconseguir-millor-hipoteca\/\" \/>\n<meta property=\"og:locale\" content=\"ca_ES\" \/>\n<meta property=\"og:type\" content=\"article\" \/>\n<meta property=\"og:title\" content=\"M\u00e8tode - \u00c0kteon\" \/>\n<meta property=\"og:description\" content=\"Descobreix el m\u00e8tode que \u00c0kteon utiliza per aconseguir la millor hipoteca del mercat. Busquem el finan\u00e7ament que m\u00e9s s&#039;ajusta a tu. Contacta!\" \/>\n<meta property=\"og:url\" content=\"https:\/\/akteon.es\/ca\/metode-aconseguir-millor-hipoteca\/\" \/>\n<meta property=\"og:site_name\" content=\"\u00c0kteon\" \/>\n<meta property=\"article:modified_time\" content=\"2024-12-23T11:28:05+00:00\" \/>\n<meta name=\"twitter:card\" content=\"summary_large_image\" \/>\n<meta name=\"twitter:label1\" content=\"Temps estimat de lectura\" \/>\n\t<meta name=\"twitter:data1\" content=\"3 minuts\" \/>\n<script type=\"application\/ld+json\" class=\"yoast-schema-graph\">{\"@context\":\"https:\/\/schema.org\",\"@graph\":[{\"@type\":\"WebPage\",\"@id\":\"https:\/\/akteon.es\/ca\/metode-aconseguir-millor-hipoteca\/\",\"url\":\"https:\/\/akteon.es\/ca\/metode-aconseguir-millor-hipoteca\/\",\"name\":\"M\u00e8tode - \u00c0kteon\",\"isPartOf\":{\"@id\":\"https:\/\/akteon.es\/#website\"},\"datePublished\":\"2024-05-17T07:22:36+00:00\",\"dateModified\":\"2024-12-23T11:28:05+00:00\",\"description\":\"Descobreix el m\u00e8tode que \u00c0kteon utiliza per aconseguir la millor hipoteca del mercat. Busquem el finan\u00e7ament que m\u00e9s s'ajusta a tu. Contacta!\",\"breadcrumb\":{\"@id\":\"https:\/\/akteon.es\/ca\/metode-aconseguir-millor-hipoteca\/#breadcrumb\"},\"inLanguage\":\"ca\",\"potentialAction\":[{\"@type\":\"ReadAction\",\"target\":[\"https:\/\/akteon.es\/ca\/metode-aconseguir-millor-hipoteca\/\"]}]},{\"@type\":\"BreadcrumbList\",\"@id\":\"https:\/\/akteon.es\/ca\/metode-aconseguir-millor-hipoteca\/#breadcrumb\",\"itemListElement\":[{\"@type\":\"ListItem\",\"position\":1,\"name\":\"Home\",\"item\":\"https:\/\/akteon.es\/ca\/\"},{\"@type\":\"ListItem\",\"position\":2,\"name\":\"M\u00e8tode\"}]},{\"@type\":\"WebSite\",\"@id\":\"https:\/\/akteon.es\/#website\",\"url\":\"https:\/\/akteon.es\/\",\"name\":\"\u00c0kteon\",\"description\":\"Especialistes en hipoteques\",\"publisher\":{\"@id\":\"https:\/\/akteon.es\/#organization\"},\"potentialAction\":[{\"@type\":\"SearchAction\",\"target\":{\"@type\":\"EntryPoint\",\"urlTemplate\":\"https:\/\/akteon.es\/?s={search_term_string}\"},\"query-input\":{\"@type\":\"PropertyValueSpecification\",\"valueRequired\":true,\"valueName\":\"search_term_string\"}}],\"inLanguage\":\"ca\"},{\"@type\":\"Organization\",\"@id\":\"https:\/\/akteon.es\/#organization\",\"name\":\"\u00c0kteon\",\"url\":\"https:\/\/akteon.es\/\",\"logo\":{\"@type\":\"ImageObject\",\"inLanguage\":\"ca\",\"@id\":\"https:\/\/akteon.es\/#\/schema\/logo\/image\/\",\"url\":\"https:\/\/akteon.es\/wp-content\/uploads\/2026\/03\/Akteon_normal.svg\",\"contentUrl\":\"https:\/\/akteon.es\/wp-content\/uploads\/2026\/03\/Akteon_normal.svg\",\"caption\":\"\u00c0kteon\"},\"image\":{\"@id\":\"https:\/\/akteon.es\/#\/schema\/logo\/image\/\"}}]}<\/script>\n<!-- \/ Yoast SEO plugin. -->","yoast_head_json":{"title":"M\u00e8tode - \u00c0kteon","description":"Descobreix el m\u00e8tode que \u00c0kteon utiliza per aconseguir la millor hipoteca del mercat. Busquem el finan\u00e7ament que m\u00e9s s'ajusta a tu. Contacta!","robots":{"index":"index","follow":"follow","max-snippet":"max-snippet:-1","max-image-preview":"max-image-preview:large","max-video-preview":"max-video-preview:-1"},"canonical":"https:\/\/akteon.es\/ca\/metode-aconseguir-millor-hipoteca\/","og_locale":"ca_ES","og_type":"article","og_title":"M\u00e8tode - \u00c0kteon","og_description":"Descobreix el m\u00e8tode que \u00c0kteon utiliza per aconseguir la millor hipoteca del mercat. Busquem el finan\u00e7ament que m\u00e9s s'ajusta a tu. Contacta!","og_url":"https:\/\/akteon.es\/ca\/metode-aconseguir-millor-hipoteca\/","og_site_name":"\u00c0kteon","article_modified_time":"2024-12-23T11:28:05+00:00","twitter_card":"summary_large_image","twitter_misc":{"Temps estimat de lectura":"3 minuts"},"schema":{"@context":"https:\/\/schema.org","@graph":[{"@type":"WebPage","@id":"https:\/\/akteon.es\/ca\/metode-aconseguir-millor-hipoteca\/","url":"https:\/\/akteon.es\/ca\/metode-aconseguir-millor-hipoteca\/","name":"M\u00e8tode - \u00c0kteon","isPartOf":{"@id":"https:\/\/akteon.es\/#website"},"datePublished":"2024-05-17T07:22:36+00:00","dateModified":"2024-12-23T11:28:05+00:00","description":"Descobreix el m\u00e8tode que \u00c0kteon utiliza per aconseguir la millor hipoteca del mercat. Busquem el finan\u00e7ament que m\u00e9s s'ajusta a tu. Contacta!","breadcrumb":{"@id":"https:\/\/akteon.es\/ca\/metode-aconseguir-millor-hipoteca\/#breadcrumb"},"inLanguage":"ca","potentialAction":[{"@type":"ReadAction","target":["https:\/\/akteon.es\/ca\/metode-aconseguir-millor-hipoteca\/"]}]},{"@type":"BreadcrumbList","@id":"https:\/\/akteon.es\/ca\/metode-aconseguir-millor-hipoteca\/#breadcrumb","itemListElement":[{"@type":"ListItem","position":1,"name":"Home","item":"https:\/\/akteon.es\/ca\/"},{"@type":"ListItem","position":2,"name":"M\u00e8tode"}]},{"@type":"WebSite","@id":"https:\/\/akteon.es\/#website","url":"https:\/\/akteon.es\/","name":"\u00c0kteon","description":"Especialistes en hipoteques","publisher":{"@id":"https:\/\/akteon.es\/#organization"},"potentialAction":[{"@type":"SearchAction","target":{"@type":"EntryPoint","urlTemplate":"https:\/\/akteon.es\/?s={search_term_string}"},"query-input":{"@type":"PropertyValueSpecification","valueRequired":true,"valueName":"search_term_string"}}],"inLanguage":"ca"},{"@type":"Organization","@id":"https:\/\/akteon.es\/#organization","name":"\u00c0kteon","url":"https:\/\/akteon.es\/","logo":{"@type":"ImageObject","inLanguage":"ca","@id":"https:\/\/akteon.es\/#\/schema\/logo\/image\/","url":"https:\/\/akteon.es\/wp-content\/uploads\/2026\/03\/Akteon_normal.svg","contentUrl":"https:\/\/akteon.es\/wp-content\/uploads\/2026\/03\/Akteon_normal.svg","caption":"\u00c0kteon"},"image":{"@id":"https:\/\/akteon.es\/#\/schema\/logo\/image\/"}}]}},"_links":{"self":[{"href":"https:\/\/akteon.es\/ca\/wp-json\/wp\/v2\/pages\/658","targetHints":{"allow":["GET"]}}],"collection":[{"href":"https:\/\/akteon.es\/ca\/wp-json\/wp\/v2\/pages"}],"about":[{"href":"https:\/\/akteon.es\/ca\/wp-json\/wp\/v2\/types\/page"}],"author":[{"embeddable":true,"href":"https:\/\/akteon.es\/ca\/wp-json\/wp\/v2\/users\/1"}],"replies":[{"embeddable":true,"href":"https:\/\/akteon.es\/ca\/wp-json\/wp\/v2\/comments?post=658"}],"version-history":[{"count":6,"href":"https:\/\/akteon.es\/ca\/wp-json\/wp\/v2\/pages\/658\/revisions"}],"predecessor-version":[{"id":3385,"href":"https:\/\/akteon.es\/ca\/wp-json\/wp\/v2\/pages\/658\/revisions\/3385"}],"wp:attachment":[{"href":"https:\/\/akteon.es\/ca\/wp-json\/wp\/v2\/media?parent=658"}],"curies":[{"name":"wp","href":"https:\/\/api.w.org\/{rel}","templated":true}]}}